{"id":6626,"date":"2023-06-01T15:04:01","date_gmt":"2023-06-01T12:04:01","guid":{"rendered":"https:\/\/vl0kbx3skjk.c.updraftclone.com\/cameras\/"},"modified":"2025-02-03T13:19:02","modified_gmt":"2025-02-03T11:19:02","slug":"kamery","status":"publish","type":"page","link":"https:\/\/www.superoperator.com\/pl\/kamery\/","title":{"rendered":"Kamery"},"content":{"rendered":"\n<section id=\"gm0ea6266\" class=\"wp-block-gutentor-m3 alignfull section-gm0ea6266 gutentor-module gutentor-container-cover\"><div class=\"grid-container\">\n<section id=\"plate-recognition\" class=\"wp-block-gutentor-m4 section-gmf3ddeef gutentor-module gutentor-advanced-columns max-w\"><div class=\"grid-container\"><div class=\"grid-row\">\n<div id=\"col-gmb1313f\" class=\"wp-block-gutentor-m4-col col-gmb1313f gutentor-single-column  grid-lg-2 grid-md-12 grid-12 center-button-custom\"><div id=\"section-gmb1313f\" class=\"section-gmb1313f gutentor-col-wrap\">\n<div id=\"section-g1d3fb7\" class=\"wp-block-gutentor-e6 section-g1d3fb7 gutentor-element gutentor-element-image text-align-center-desktop text-align-center-tablet text-align-center-mobile\"><div class=\"gutentor-element-image-box\"><div class=\"gutentor-image-thumb\"><img decoding=\"async\" class=\"normal-image\" src=\"https:\/\/www.superoperator.com\/wp-content\/uploads\/2023\/08\/SO-superoperator-alpr-system-with-license-plate.png\" \/><\/div><\/div><\/div>\n<\/div><\/div>\n\n\n\n<div id=\"col-gm683647\" class=\"wp-block-gutentor-m4-col col-gm683647 gutentor-single-column  grid-lg-8 grid-md-12 grid-12 center-button-custom\"><div id=\"section-gm683647\" class=\"section-gm683647 gutentor-col-wrap\">\n<p class=\"has-medium-font-size\"><strong><strong>Automatyczne rozpoznawanie tablic rejestracyjnych Superoperator \u2013 wystarczy wjecha\u0107<\/strong><\/strong><\/p>\n\n\n\n<p><br>System automatycznego rozpoznawania tablic rejestracyjnych (ALPR) firmy Superoperator zapewnia szybkie i sprawne mycie samochod\u00f3w. Technologia automatycznie identyfikuje pojazdy na wje\u017adzie do myjni, dzi\u0119ki czemu klienci mog\u0105 umy\u0107 samoch\u00f3d bez wysiadania z pojazdu.<\/p>\n<\/div><\/div>\n\n\n\n<div id=\"col-gm669b66\" class=\"wp-block-gutentor-m4-col col-gm669b66 gutentor-single-column  grid-lg-2 grid-md-12 grid-12 center-button-custom hide-pdf-btn\"><div id=\"section-gm669b66\" class=\"section-gm669b66 gutentor-col-wrap\">\n<div id=\"section-g27619f\" class=\"wp-block-gutentor-e2 section-g27619f gutentor-element gutentor-element-button button-align-center-tablet button-align-center-mobile pdf-download\"><span class=\"gutentor-button-wrap\"><a class=\"gutentor-button gutentor-block-button gutentor-icon-hide\" href=\"#\"><i class=\"gutentor-button-icon fas fa-book\"><\/i><span>Download product sheet pdf<\/span><\/a><\/span><\/div>\n<\/div><\/div>\n<\/div><\/div><\/section>\n\n\n\n<section id=\"gm103e669\" class=\"wp-block-gutentor-m4 section-gm103e669 gutentor-module gutentor-advanced-columns gutentor-equal-column-height boost-textandlist mobile-spacer-cu\"><div class=\"grid-container\"><div class=\"grid-row\">\n<div id=\"col-gmf704eb\" class=\"wp-block-gutentor-m4-col col-gmf704eb gutentor-single-column  grid-lg-4 grid-md-12 grid-12\"><div id=\"section-gmf704eb\" class=\"section-gmf704eb gutentor-col-wrap\">\n<div id=\"section-ge906eb\" class=\"wp-block-gutentor-e6 section-ge906eb gutentor-element gutentor-element-image text-align-center-desktop text-align-center-tablet text-align-center-mobile\"><div class=\"gutentor-element-image-box\"><div class=\"gutentor-image-thumb\"><img decoding=\"async\" class=\"normal-image\" src=\"https:\/\/www.superoperator.com\/wp-content\/uploads\/2023\/07\/so-icon-alpr.png\" \/><\/div><\/div><\/div>\n\n\n\n<p class=\"has-text-align-center\"><strong><strong>Wska\u017anik rozpoznawalno\u015bci 100%<\/strong><\/strong><\/p>\n\n\n\n<ul class=\"wp-block-list\">\n<li>Rozpoznaje wszystkie typy tablic rejestracyjnych i mo\u017ce odczytywa\u0107 wszystkie kombinacje cyfr i liter na r\u00f3\u017cnych rynkach, w r\u00f3\u017cnych kierunkach odczytu.<\/li>\n<\/ul>\n<\/div><\/div>\n\n\n\n<div id=\"col-gme0d61a\" class=\"wp-block-gutentor-m4-col col-gme0d61a gutentor-single-column  grid-lg-4 grid-md-12 grid-12\"><div id=\"section-gme0d61a\" class=\"section-gme0d61a gutentor-col-wrap\">\n<div id=\"section-ged8875\" class=\"wp-block-gutentor-e6 section-ged8875 gutentor-element gutentor-element-image text-align-center-desktop text-align-center-tablet text-align-center-mobile\"><div class=\"gutentor-element-image-box\"><div class=\"gutentor-image-thumb\"><img decoding=\"async\" class=\"normal-image\" src=\"https:\/\/www.superoperator.com\/wp-content\/uploads\/2023\/07\/so-icon-megaphone.png\" \/><\/div><\/div><\/div>\n\n\n\n<p class=\"has-text-align-center\"><strong><strong>Dzia\u0142a w ka\u017cdych warunkach<\/strong><\/strong><\/p>\n\n\n\n<ul class=\"wp-block-list\">\n<li>Dzia\u0142a w ka\u017cdych warunkach: twarde o\u015bwietlenie, r\u00f3\u017cne k\u0105ty ustawienia kamery, sta\u0142e refleksy \u015bwietlne i inne.<\/li>\n\n\n\n<li>System mo\u017cna nauczy\u0107 nowych scenariuszy.<\/li>\n<\/ul>\n<\/div><\/div>\n\n\n\n<div id=\"col-gmd56f07\" class=\"wp-block-gutentor-m4-col col-gmd56f07 gutentor-single-column  grid-lg-4 grid-md-12 grid-12\"><div id=\"section-gmd56f07\" class=\"section-gmd56f07 gutentor-col-wrap\">\n<div id=\"section-gdfc7e5\" class=\"wp-block-gutentor-e6 section-gdfc7e5 gutentor-element gutentor-element-image text-align-center-desktop text-align-center-tablet text-align-center-mobile\"><div class=\"gutentor-element-image-box\"><div class=\"gutentor-image-thumb\"><img decoding=\"async\" class=\"normal-image\" src=\"https:\/\/www.superoperator.com\/wp-content\/uploads\/2023\/07\/so-icon-development-building-blocks.png\" \/><\/div><\/div><\/div>\n\n\n\n<p class=\"has-text-align-center\"><strong><strong>Opracowane przez firm\u0119 Superoperator<\/strong><\/strong><\/p>\n\n\n\n<ul class=\"wp-block-list\">\n<li>Wykorzystuje konwolucyjne sieci neuronowe wraz z innymi metodami uczenia g\u0142\u0119bokiego i technikami filtrowania w czasie rzeczywistym.<\/li>\n\n\n\n<li>Dzia\u0142a przy bardzo niskiej mocy obliczeniowej procesora.<\/li>\n<\/ul>\n<\/div><\/div>\n<\/div><\/div><\/section>\n\n\n\n<section id=\"gm26aa482\" class=\"wp-block-gutentor-m3 section-gm26aa482 gutentor-module gutentor-container-cover bottom-more-box\"><div class=\"grid-container\">\n<p class=\"has-text-align-center\" style=\"font-size:18px\"><strong><strong>Chcesz dowiedzie\u0107 si\u0119 wi\u0119cej?<\/strong><\/strong><\/p>\n\n\n\n<p class=\"has-text-align-center\" style=\"font-size:16px\">Z przyjemno\u015bci\u0105 przedstawimy Ci wi\u0119cej informacji na temat systemu ALPR firmy Superoperator.<\/p>\n\n\n\n<div id=\"section-g4c0ff8\" class=\"wp-block-gutentor-e2 section-g4c0ff8 gutentor-element gutentor-element-button button-align-center-desktop button-align-center-tablet button-align-center-mobile\"><span class=\"gutentor-button-wrap\"><a class=\"gutentor-button gutentor-block-button gutentor-icon-hide\" href=\"\/pl\/kontakt\/\"><i class=\"gutentor-button-icon fas fa-book\"><\/i><span>Skontaktuj si\u0119 z nami<\/span><\/a><\/span><\/div>\n<\/div><\/section>\n<\/div><\/section>\n\n\n\n<section id=\"gm2914ea4\" class=\"wp-block-gutentor-m3 alignfull section-gm2914ea4 gutentor-module gutentor-container-cover\"><div class=\"grid-container\">\n<section id=\"queuecameras\" class=\"wp-block-gutentor-m4 section-gm821e666 gutentor-module gutentor-advanced-columns max-w\"><div class=\"grid-container\"><div class=\"grid-row\">\n<div id=\"col-gm9eb9fe\" class=\"wp-block-gutentor-m4-col col-gm9eb9fe gutentor-single-column  grid-lg-4 grid-md-12 grid-12 center-button-custom\"><div id=\"section-gm9eb9fe\" class=\"section-gm9eb9fe gutentor-col-wrap\">\n<div id=\"section-g2c4041\" class=\"wp-block-gutentor-e6 section-g2c4041 gutentor-element gutentor-element-image text-align-center-desktop text-align-center-tablet text-align-center-mobile\"><div class=\"gutentor-element-image-box\"><div class=\"gutentor-image-thumb\"><img decoding=\"async\" class=\"normal-image\" src=\"https:\/\/www.superoperator.com\/wp-content\/uploads\/2023\/05\/SNV-7084R_F-1-1-2.png\" \/><\/div><\/div><\/div>\n<\/div><\/div>\n\n\n\n<div id=\"col-gm9e879c\" class=\"wp-block-gutentor-m4-col col-gm9e879c gutentor-single-column  grid-lg-4 grid-md-12 grid-12 center-button-custom\"><div id=\"section-gm9e879c\" class=\"section-gm9e879c gutentor-col-wrap\">\n<p class=\"has-medium-font-size\"><strong><strong>Kamery do podgl\u0105du kolejki \u2013 koniec z d\u0142ugim oczekiwaniem<\/strong><\/strong><\/p>\n\n\n\n<p>Dzi\u0119ki kamerom do podgl\u0105du kolejki kierowcy mog\u0105 wyszuka\u0107 najbli\u017csz\u0105 woln\u0105 lub najmniej zat\u0142oczon\u0105 myjni\u0119 samochodow\u0105, sprawdzaj\u0105c ruch w <a href=\"\/pl\/mobile-apps\/\">aplikacji mobilnej<\/a>. To oznacza mniej jazdy i kr\u00f3tszy czas oczekiwania \u2013 z korzy\u015bci\u0105 dla nerw\u00f3w i \u015brodowiska.<br><br>Zamazany obraz pojazd\u00f3w i kierowc\u00f3w w kolejce zapewnia prywatno\u015b\u0107, a dane osobowe nie s\u0105 rejestrowane.<\/p>\n<\/div><\/div>\n\n\n\n<div id=\"col-gmf0b3cd\" class=\"wp-block-gutentor-m4-col col-gmf0b3cd gutentor-single-column  grid-lg-4 grid-md-12 grid-12 center-button-custom\"><div id=\"section-gmf0b3cd\" class=\"section-gmf0b3cd gutentor-col-wrap\">\n<div id=\"section-g10d657\" class=\"wp-block-gutentor-e6 section-g10d657 gutentor-element gutentor-element-image\"><div class=\"gutentor-element-image-box\"><div class=\"gutentor-image-thumb\"><img decoding=\"async\" class=\"normal-image\" src=\"https:\/\/www.superoperator.com\/wp-content\/uploads\/2023\/07\/queue_camera_blurred-1.png\" \/><\/div><\/div><\/div>\n<\/div><\/div>\n<\/div><\/div><\/section>\n\n\n\n<section id=\"gm0397f74\" class=\"wp-block-gutentor-m3 section-gm0397f74 gutentor-module gutentor-container-cover bottom-more-box\"><div class=\"grid-container\">\n<p class=\"has-text-align-center\" style=\"font-size:18px\"><strong><strong>Chcesz dowiedzie\u0107 si\u0119 wi\u0119cej?<\/strong><\/strong><\/p>\n\n\n\n<p class=\"has-text-align-center\" style=\"font-size:16px\">Ch\u0119tnie odpowiemy na wszystkie Twoje pytania.<\/p>\n\n\n\n<div id=\"section-g4aa39f\" class=\"wp-block-gutentor-e2 section-g4aa39f gutentor-element gutentor-element-button button-align-center-desktop button-align-center-tablet button-align-center-mobile\"><span class=\"gutentor-button-wrap\"><a class=\"gutentor-button gutentor-block-button gutentor-icon-hide\" href=\"\/pl\/kontakt\/\"><i class=\"gutentor-button-icon fas fa-book\"><\/i><span>Skontaktuj si\u0119 z nami<\/span><\/a><\/span><\/div>\n<\/div><\/section>\n<\/div><\/section>\n","protected":false},"excerpt":{"rendered":"","protected":false},"author":9,"featured_media":0,"parent":0,"menu_order":0,"comment_status":"closed","ping_status":"closed","template":"","meta":{"_acf_changed":false,"footnotes":""},"class_list":["post-6626","page","type-page","status-publish","hentry"],"acf":[],"yoast_head":"<!-- This site is optimized with the Yoast SEO Premium plugin v27.4 (Yoast SEO v27.4) - https:\/\/yoast.com\/product\/yoast-seo-premium-wordpress\/ -->\n<title>Rozwi\u0105zania Superoperator: ALPR i kamery do podgl\u0105du kolejki<\/title>\n<meta name=\"description\" content=\"Szybka i \u0142atwa wizyta w myjni dzi\u0119ki systemowi automatycznego rozpoznawania tablic rejestracyjnych i opcjonalnym kamerom do podgl\u0105du kolejki Superoperator.\" \/>\n<meta name=\"robots\" content=\"index, follow, max-snippet:-1, max-image-preview:large, max-video-preview:-1\" \/>\n<link rel=\"canonical\" href=\"https:\/\/www.superoperator.com\/pl\/kamery\/\" \/>\n<meta property=\"og:locale\" content=\"pl_PL\" \/>\n<meta property=\"og:type\" content=\"article\" \/>\n<meta property=\"og:title\" content=\"Kamery\" \/>\n<meta property=\"og:description\" content=\"Szybka i \u0142atwa wizyta w myjni dzi\u0119ki systemowi automatycznego rozpoznawania tablic rejestracyjnych i opcjonalnym kamerom do podgl\u0105du kolejki Superoperator.\" \/>\n<meta property=\"og:url\" content=\"https:\/\/www.superoperator.com\/pl\/kamery\/\" \/>\n<meta property=\"og:site_name\" content=\"Superoperator\" \/>\n<meta property=\"article:publisher\" content=\"https:\/\/www.facebook.com\/Superoperator-781564388619019\/\" \/>\n<meta property=\"article:modified_time\" content=\"2025-02-03T11:19:02+00:00\" \/>\n<meta property=\"og:image\" content=\"https:\/\/www.superoperator.com\/wp-content\/uploads\/2023\/08\/SO-superoperator-alpr-system-with-license-plate.png\" \/>\n<meta name=\"twitter:card\" content=\"summary_large_image\" \/>\n<meta name=\"twitter:site\" content=\"@SuperoperatorHQ\" \/>\n<meta name=\"twitter:label1\" content=\"Szacowany czas czytania\" \/>\n\t<meta name=\"twitter:data1\" content=\"3 minuty\" \/>\n<script type=\"application\/ld+json\" class=\"yoast-schema-graph\">{\"@context\":\"https:\\\/\\\/schema.org\",\"@graph\":[{\"@type\":\"WebPage\",\"@id\":\"https:\\\/\\\/www.superoperator.com\\\/pl\\\/kamery\\\/\",\"url\":\"https:\\\/\\\/www.superoperator.com\\\/pl\\\/kamery\\\/\",\"name\":\"Rozwi\u0105zania Superoperator: ALPR i kamery do podgl\u0105du kolejki\",\"isPartOf\":{\"@id\":\"https:\\\/\\\/www.superoperator.com\\\/#website\"},\"primaryImageOfPage\":{\"@id\":\"https:\\\/\\\/www.superoperator.com\\\/pl\\\/kamery\\\/#primaryimage\"},\"image\":{\"@id\":\"https:\\\/\\\/www.superoperator.com\\\/pl\\\/kamery\\\/#primaryimage\"},\"thumbnailUrl\":\"https:\\\/\\\/www.superoperator.com\\\/wp-content\\\/uploads\\\/2023\\\/08\\\/SO-superoperator-alpr-system-with-license-plate.png\",\"datePublished\":\"2023-06-01T12:04:01+00:00\",\"dateModified\":\"2025-02-03T11:19:02+00:00\",\"description\":\"Szybka i \u0142atwa wizyta w myjni dzi\u0119ki systemowi automatycznego rozpoznawania tablic rejestracyjnych i opcjonalnym kamerom do podgl\u0105du kolejki Superoperator.\",\"breadcrumb\":{\"@id\":\"https:\\\/\\\/www.superoperator.com\\\/pl\\\/kamery\\\/#breadcrumb\"},\"inLanguage\":\"pl-PL\",\"potentialAction\":[{\"@type\":\"ReadAction\",\"target\":[\"https:\\\/\\\/www.superoperator.com\\\/pl\\\/kamery\\\/\"]}]},{\"@type\":\"ImageObject\",\"inLanguage\":\"pl-PL\",\"@id\":\"https:\\\/\\\/www.superoperator.com\\\/pl\\\/kamery\\\/#primaryimage\",\"url\":\"https:\\\/\\\/www.superoperator.com\\\/wp-content\\\/uploads\\\/2023\\\/08\\\/SO-superoperator-alpr-system-with-license-plate.png\",\"contentUrl\":\"https:\\\/\\\/www.superoperator.com\\\/wp-content\\\/uploads\\\/2023\\\/08\\\/SO-superoperator-alpr-system-with-license-plate.png\"},{\"@type\":\"BreadcrumbList\",\"@id\":\"https:\\\/\\\/www.superoperator.com\\\/pl\\\/kamery\\\/#breadcrumb\",\"itemListElement\":[{\"@type\":\"ListItem\",\"position\":1,\"name\":\"Home\",\"item\":\"https:\\\/\\\/www.superoperator.com\\\/pl\\\/\"},{\"@type\":\"ListItem\",\"position\":2,\"name\":\"Kamery\"}]},{\"@type\":\"WebSite\",\"@id\":\"https:\\\/\\\/www.superoperator.com\\\/#website\",\"url\":\"https:\\\/\\\/www.superoperator.com\\\/\",\"name\":\"Superoperator\",\"description\":\"We Transformed Carwash\",\"publisher\":{\"@id\":\"https:\\\/\\\/www.superoperator.com\\\/#organization\"},\"potentialAction\":[{\"@type\":\"SearchAction\",\"target\":{\"@type\":\"EntryPoint\",\"urlTemplate\":\"https:\\\/\\\/www.superoperator.com\\\/?s={search_term_string}\"},\"query-input\":{\"@type\":\"PropertyValueSpecification\",\"valueRequired\":true,\"valueName\":\"search_term_string\"}}],\"inLanguage\":\"pl-PL\"},{\"@type\":\"Organization\",\"@id\":\"https:\\\/\\\/www.superoperator.com\\\/#organization\",\"name\":\"Superoperator\",\"url\":\"https:\\\/\\\/www.superoperator.com\\\/\",\"logo\":{\"@type\":\"ImageObject\",\"inLanguage\":\"pl-PL\",\"@id\":\"https:\\\/\\\/www.superoperator.com\\\/#\\\/schema\\\/logo\\\/image\\\/\",\"url\":\"https:\\\/\\\/www.superoperator.com\\\/wp-content\\\/uploads\\\/2020\\\/01\\\/fav-LOGO.png\",\"contentUrl\":\"https:\\\/\\\/www.superoperator.com\\\/wp-content\\\/uploads\\\/2020\\\/01\\\/fav-LOGO.png\",\"width\":512,\"height\":512,\"caption\":\"Superoperator\"},\"image\":{\"@id\":\"https:\\\/\\\/www.superoperator.com\\\/#\\\/schema\\\/logo\\\/image\\\/\"},\"sameAs\":[\"https:\\\/\\\/www.facebook.com\\\/Superoperator-781564388619019\\\/\",\"https:\\\/\\\/x.com\\\/SuperoperatorHQ\",\"https:\\\/\\\/www.instagram.com\\\/superoperatorlife\\\/\",\"https:\\\/\\\/www.linkedin.com\\\/company\\\/superoperator\\\/\"]}]}<\/script>\n<!-- \/ Yoast SEO Premium plugin. -->","yoast_head_json":{"title":"Rozwi\u0105zania Superoperator: ALPR i kamery do podgl\u0105du kolejki","description":"Szybka i \u0142atwa wizyta w myjni dzi\u0119ki systemowi automatycznego rozpoznawania tablic rejestracyjnych i opcjonalnym kamerom do podgl\u0105du kolejki Superoperator.","robots":{"index":"index","follow":"follow","max-snippet":"max-snippet:-1","max-image-preview":"max-image-preview:large","max-video-preview":"max-video-preview:-1"},"canonical":"https:\/\/www.superoperator.com\/pl\/kamery\/","og_locale":"pl_PL","og_type":"article","og_title":"Kamery","og_description":"Szybka i \u0142atwa wizyta w myjni dzi\u0119ki systemowi automatycznego rozpoznawania tablic rejestracyjnych i opcjonalnym kamerom do podgl\u0105du kolejki Superoperator.","og_url":"https:\/\/www.superoperator.com\/pl\/kamery\/","og_site_name":"Superoperator","article_publisher":"https:\/\/www.facebook.com\/Superoperator-781564388619019\/","article_modified_time":"2025-02-03T11:19:02+00:00","og_image":[{"url":"https:\/\/www.superoperator.com\/wp-content\/uploads\/2023\/08\/SO-superoperator-alpr-system-with-license-plate.png","type":"","width":"","height":""}],"twitter_card":"summary_large_image","twitter_site":"@SuperoperatorHQ","twitter_misc":{"Szacowany czas czytania":"3 minuty"},"schema":{"@context":"https:\/\/schema.org","@graph":[{"@type":"WebPage","@id":"https:\/\/www.superoperator.com\/pl\/kamery\/","url":"https:\/\/www.superoperator.com\/pl\/kamery\/","name":"Rozwi\u0105zania Superoperator: ALPR i kamery do podgl\u0105du kolejki","isPartOf":{"@id":"https:\/\/www.superoperator.com\/#website"},"primaryImageOfPage":{"@id":"https:\/\/www.superoperator.com\/pl\/kamery\/#primaryimage"},"image":{"@id":"https:\/\/www.superoperator.com\/pl\/kamery\/#primaryimage"},"thumbnailUrl":"https:\/\/www.superoperator.com\/wp-content\/uploads\/2023\/08\/SO-superoperator-alpr-system-with-license-plate.png","datePublished":"2023-06-01T12:04:01+00:00","dateModified":"2025-02-03T11:19:02+00:00","description":"Szybka i \u0142atwa wizyta w myjni dzi\u0119ki systemowi automatycznego rozpoznawania tablic rejestracyjnych i opcjonalnym kamerom do podgl\u0105du kolejki Superoperator.","breadcrumb":{"@id":"https:\/\/www.superoperator.com\/pl\/kamery\/#breadcrumb"},"inLanguage":"pl-PL","potentialAction":[{"@type":"ReadAction","target":["https:\/\/www.superoperator.com\/pl\/kamery\/"]}]},{"@type":"ImageObject","inLanguage":"pl-PL","@id":"https:\/\/www.superoperator.com\/pl\/kamery\/#primaryimage","url":"https:\/\/www.superoperator.com\/wp-content\/uploads\/2023\/08\/SO-superoperator-alpr-system-with-license-plate.png","contentUrl":"https:\/\/www.superoperator.com\/wp-content\/uploads\/2023\/08\/SO-superoperator-alpr-system-with-license-plate.png"},{"@type":"BreadcrumbList","@id":"https:\/\/www.superoperator.com\/pl\/kamery\/#breadcrumb","itemListElement":[{"@type":"ListItem","position":1,"name":"Home","item":"https:\/\/www.superoperator.com\/pl\/"},{"@type":"ListItem","position":2,"name":"Kamery"}]},{"@type":"WebSite","@id":"https:\/\/www.superoperator.com\/#website","url":"https:\/\/www.superoperator.com\/","name":"Superoperator","description":"We Transformed Carwash","publisher":{"@id":"https:\/\/www.superoperator.com\/#organization"},"potentialAction":[{"@type":"SearchAction","target":{"@type":"EntryPoint","urlTemplate":"https:\/\/www.superoperator.com\/?s={search_term_string}"},"query-input":{"@type":"PropertyValueSpecification","valueRequired":true,"valueName":"search_term_string"}}],"inLanguage":"pl-PL"},{"@type":"Organization","@id":"https:\/\/www.superoperator.com\/#organization","name":"Superoperator","url":"https:\/\/www.superoperator.com\/","logo":{"@type":"ImageObject","inLanguage":"pl-PL","@id":"https:\/\/www.superoperator.com\/#\/schema\/logo\/image\/","url":"https:\/\/www.superoperator.com\/wp-content\/uploads\/2020\/01\/fav-LOGO.png","contentUrl":"https:\/\/www.superoperator.com\/wp-content\/uploads\/2020\/01\/fav-LOGO.png","width":512,"height":512,"caption":"Superoperator"},"image":{"@id":"https:\/\/www.superoperator.com\/#\/schema\/logo\/image\/"},"sameAs":["https:\/\/www.facebook.com\/Superoperator-781564388619019\/","https:\/\/x.com\/SuperoperatorHQ","https:\/\/www.instagram.com\/superoperatorlife\/","https:\/\/www.linkedin.com\/company\/superoperator\/"]}]}},"_links":{"self":[{"href":"https:\/\/www.superoperator.com\/pl\/wp-json\/wp\/v2\/pages\/6626","targetHints":{"allow":["GET"]}}],"collection":[{"href":"https:\/\/www.superoperator.com\/pl\/wp-json\/wp\/v2\/pages"}],"about":[{"href":"https:\/\/www.superoperator.com\/pl\/wp-json\/wp\/v2\/types\/page"}],"author":[{"embeddable":true,"href":"https:\/\/www.superoperator.com\/pl\/wp-json\/wp\/v2\/users\/9"}],"replies":[{"embeddable":true,"href":"https:\/\/www.superoperator.com\/pl\/wp-json\/wp\/v2\/comments?post=6626"}],"version-history":[{"count":0,"href":"https:\/\/www.superoperator.com\/pl\/wp-json\/wp\/v2\/pages\/6626\/revisions"}],"wp:attachment":[{"href":"https:\/\/www.superoperator.com\/pl\/wp-json\/wp\/v2\/media?parent=6626"}],"curies":[{"name":"wp","href":"https:\/\/api.w.org\/{rel}","templated":true}]}}