{"id":1169,"date":"2020-05-07T15:12:57","date_gmt":"2020-05-07T12:12:57","guid":{"rendered":"http:\/\/www.superoperator.com\/ciasteczka\/"},"modified":"2024-09-06T12:48:28","modified_gmt":"2024-09-06T09:48:28","slug":"ciasteczka","status":"publish","type":"page","link":"https:\/\/www.superoperator.com\/pl\/ciasteczka\/","title":{"rendered":"Ciasteczka"},"content":{"rendered":"\n<h2 class=\"wp-block-heading\">O CIASTECZKACH<\/h2>\n\n\n\n<h3 class=\"wp-block-heading\"><strong>CZYM JEST PLIK COOKIE? <\/strong><\/h3>\n\n\n\n<p>Cookie to ma\u0142y plik tekstowy, kt\u00f3ry przegl\u0105darka pobiera na urz\u0105dzenie u\u017cytkownika. Pliki cookie nie wyrz\u0105dzaj\u0105 szkody urz\u0105dzeniu ani plikom u\u017cytkownika. Stosowanie plik\u00f3w cookie jest powszechn\u0105 praktyk\u0105 na wi\u0119kszo\u015bci stron internetowych. Pliki cookie dzieli si\u0119 na sesyjne pliki cookie i trwa\u0142e pliki cookie. Sesyjne pliki cookie wygasaj\u0105 po zamkni\u0119ciu sesji internetowej przez u\u017cytkownika, natomiast trwa\u0142e pliki cookie pozostaj\u0105 w przegl\u0105darce przez okre\u015blony czas lub do momentu ich usuni\u0119cia. Pliki cookie maj\u0105 dwa cele. Z jednej strony u\u0142atwiaj\u0105 korzystanie ze strony internetowej, na przyk\u0142ad zapami\u0119tuj\u0105c wybory u\u017cytkownika i jego ustawienia. Z drugiej strony pomagaj\u0105 w tworzeniu stron internetowych i analizowaniu informacji o u\u017cytkownikach. Niekt\u00f3re funkcje nie mog\u0105 dzia\u0142a\u0107 bez plik\u00f3w cookie.<\/p>\n\n\n\n<p><strong>Jak korzystamy z plik\u00f3w cookie<\/strong><strong>?<\/strong><\/p>\n\n\n\n<p>U\u017cywamy plik\u00f3w cookie na naszej stronie internetowej w celu poprawy komfortu u\u017cytkowania i gromadzenia danych w celach marketingowych i rozwoju witryny. Pliki cookie pomagaj\u0105 nam r\u00f3wnie\u017c zoptymalizowa\u0107 szybko\u015b\u0107 naszej witryny.<\/p>\n\n\n\n<p><strong>Tworzenie stron internetowych<\/strong><\/p>\n\n\n\n<p>Pliki cookie pomagaj\u0105 nam gromadzi\u0107 i analizowa\u0107 dane u\u017cytkownik\u00f3w naszej witryny. \u015aledzimy na przyk\u0142ad, kt\u00f3re strony odwiedzaj\u0105 u\u017cytkownicy i jak d\u0142ugo pozostaj\u0105 na danej stronie. Naszym celem jest poprawa jako\u015bci i zawarto\u015bci naszej witryny.<\/p>\n\n\n\n<p><strong>Marketing<\/strong><\/p>\n\n\n\n<p>Pliki cookie pozwalaj\u0105 nam wy\u015bwietla\u0107 reklamy i oferty na podstawie dzia\u0142a\u0144 u\u017cytkownika w witrynie, niezale\u017cnie od tego, czy si\u0119 zalogowa\u0142, czy te\u017c nie. U\u017cywamy r\u00f3wnie\u017c plik\u00f3w cookie w formularzach konkursowych i ankietach klient\u00f3w.<\/p>\n\n\n\n<h3 class=\"wp-block-heading\"><strong>JAKIEGO RODZAJU PLIK\u00d3W COOKIE WYKORZYSTUJEMY<\/strong><strong>?<\/strong><\/h3>\n\n\n\n<p><strong>Ciasteczka sesyjne\n<\/strong><\/p>\n\n\n\n<p>Pliki sesyjne cookie wygasaj\u0105, gdy u\u017cytkownik opuszcza serwis internetowy. <\/p>\n\n\n\n<p><strong>Trwa\u0142e pliki cookie<\/strong><\/p>\n\n\n\n<p>Trwa\u0142e pliki cookie maj\u0105 okre\u015blony czas trwania, kt\u00f3ry okre\u015bla, jak d\u0142ugo plik cookie pozostaje na komputerze lub urz\u0105dzeniu mobilnym. Tego rodzaju pliki cookie s\u0105 przechowywane, dop\u00f3ki nie wygasn\u0105 lub zostan\u0105 r\u0119cznie usuni\u0119te.<\/p>\n\n\n\n<p><strong>Trzeci rodzaj plik\u00f3w cookie\n<\/strong><\/p>\n\n\n\n<p>To pliki cookie instalowane na urz\u0105dzeniu przez inn\u0105 stron\u0119 dla nas. Dzieje si\u0119 tak, gdy us\u0142ugodawca \u015bwiadczy nam us\u0142ugi, na przyk\u0142ad us\u0142ugi analityczne lub us\u0142ugi umo\u017cliwiaj\u0105ce udost\u0119pnianie naszych witryn w mediach spo\u0142eczno\u015bciowych. Je\u015bli na przyk\u0142ad u\u017cywa Pan\/Pani przycisk\u00f3w podczas udost\u0119pniania tre\u015bci online znajomym w mediach spo\u0142eczno\u015bciowych, takich jak Facebook, ta strona trzecia mo\u017ce umieszcza\u0107 pliki cookie na Twoim urz\u0105dzeniu. <\/p>\n\n\n\n<p>Wi\u0119cej informacji dost\u0119pnych tutaj: <a href=\"https:\/\/www.facebook.com\/about\/privacy\/\" target=\"_blank\" rel=\"noreferrer noopener\">https:\/\/www.facebook.com\/about\/privacy\/ <\/a><a rel=\"noreferrer noopener\" aria-label=\" (opens in a new tab)\" href=\"https:\/\/twitter.com\/en\/privacy\" target=\"_blank\">https:\/\/twitter.com\/en\/privacy <\/a><a href=\"https:\/\/policies.google.com\/privacy?hl=fi\" target=\"_blank\" rel=\"noreferrer noopener\">https:\/\/policies.google.com\/privacy<\/a><\/p>\n\n\n\n<p>Tak zwane strony trzecie mog\u0105 r\u00f3wnie\u017c wykorzystywa\u0107 i gromadzi\u0107 informacje gromadzone za pomoc\u0105 plik\u00f3w cookie w celu kierowania reklam.<\/p>\n\n\n\n<p>W naszych us\u0142ugach internetowych korzystamy z np. Google Analytics do pomiaru korzystania z naszych us\u0142ug internetowych (w tym adresu IP, identyfikatora urz\u0105dzenia, fizycznej lokalizacji, przegl\u0105darki, operatora i rodzaju systemu operacyjnego oraz powi\u0105zanych z nimi adres\u00f3w URL). Wi\u0119cej informacji na temat warunk\u00f3w Google Analytics mo\u017cna znale\u017a\u0107 <a href=\"https:\/\/policies.google.com\/technologies\/partner-sites?hl=pl\" target=\"_blank\" rel=\"noreferrer noopener\">tutaj<\/a>.<\/p>\n\n\n\n<p><strong>Jak radzi\u0107 sobie z plikami cookie?<\/strong><\/p>\n\n\n\n<p>U\u017cytkownik mo\u017ce usun\u0105\u0107 pliki cookie z ustawie\u0144 przegl\u0105darki. U\u017cytkownik ma r\u00f3wnie\u017c mo\u017cliwo\u015b\u0107 ca\u0142kowitego wy\u0142\u0105czenia korzystania z plik\u00f3w cookie poprzez zmian\u0119 ustawie\u0144 przegl\u0105darki na swoim urz\u0105dzeniu. Wy\u0142\u0105czenie plik\u00f3w cookie mo\u017ce wp\u0142yn\u0105\u0107 na funkcjonalno\u015b\u0107 serwisu i kierowanie reklam. Je\u015bli u\u017cytkownik zdecyduje si\u0119 wy\u0142\u0105czy\u0107 pliki cookie, mo\u017ce nie by\u0107 w stanie korzysta\u0107 ze wszystkich funkcji us\u0142ugi.<\/p>\n\n\n\n<p>Wi\u0119cej informacji o wy\u0142\u0105czaniu plik\u00f3w cookie:<\/p>\n\n\n\n<p>Chrome <a href=\"https:\/\/support.google.com\/chrome\/answer\/95647?hl=pl\" target=\"_blank\" rel=\"noreferrer noopener\">https:\/\/support.google.com\/chrome\/answer\/95647?hl=pl<\/a><\/p>\n\n\n\n<p>Firefox\n<a href=\"https:\/\/support.mozilla.org\/pl\/kb\/usuwanie-ciasteczek-i-danych-stron-firefox\" target=\"_blank\" rel=\"noreferrer noopener\" aria-label=\"https:\/\/support.mozilla.org\/en-US\/kb\/delete-cookies-remove-info-websites-stored (opens in a new tab)\">https:\/\/support.mozilla.org\/pl\/kb\/usuwanie-ciasteczek-i-danych-stron-firefox<\/a><\/p>\n\n\n\n<p>Internet Explorer <a href=\"https:\/\/support.microsoft.com\/pl-pl\/help\/17442\/windows-internet-explorer-delete-manage-cookies#ie\" target=\"_blank\" rel=\"noreferrer noopener\">https:\/\/support.microsoft.com\/pl-pl\/help\/17442\/windows-internet-explorer-delete-manage-cookies#ie<\/a><\/p>\n\n\n\n<p>Safari <a href=\"https:\/\/support.apple.com\/pl-pl\/guide\/safari\/sfri11471\/mac\">https:\/\/support.apple.com\/pl-pl\/guide\/safari\/sfri11471\/mac<\/a><span style=\"font-size: medium; white-space-collapse: collapse;\"><\/span><\/p>\n","protected":false},"excerpt":{"rendered":"<p> [&hellip;]<\/p>\n","protected":false},"author":2,"featured_media":0,"parent":0,"menu_order":0,"comment_status":"closed","ping_status":"closed","template":"","meta":{"_acf_changed":false,"footnotes":""},"class_list":["post-1169","page","type-page","status-publish","hentry"],"acf":[],"yoast_head":"<!-- This site is optimized with the Yoast SEO Premium plugin v27.3 (Yoast SEO v27.3) - https:\/\/yoast.com\/product\/yoast-seo-premium-wordpress\/ -->\n<title>Ciasteczka - Superoperator<\/title>\n<meta name=\"robots\" content=\"index, follow, max-snippet:-1, max-image-preview:large, max-video-preview:-1\" \/>\n<link rel=\"canonical\" href=\"https:\/\/www.superoperator.com\/pl\/ciasteczka\/\" \/>\n<meta property=\"og:locale\" content=\"pl_PL\" \/>\n<meta property=\"og:type\" content=\"article\" \/>\n<meta property=\"og:title\" content=\"Ciasteczka\" \/>\n<meta property=\"og:description\" content=\"[&hellip;]\" \/>\n<meta property=\"og:url\" content=\"https:\/\/www.superoperator.com\/pl\/ciasteczka\/\" \/>\n<meta property=\"og:site_name\" content=\"Superoperator\" \/>\n<meta property=\"article:publisher\" content=\"https:\/\/www.facebook.com\/Superoperator-781564388619019\/\" \/>\n<meta property=\"article:modified_time\" content=\"2024-09-06T09:48:28+00:00\" \/>\n<meta name=\"twitter:card\" content=\"summary_large_image\" \/>\n<meta name=\"twitter:site\" content=\"@SuperoperatorHQ\" \/>\n<meta name=\"twitter:label1\" content=\"Szacowany czas czytania\" \/>\n\t<meta name=\"twitter:data1\" content=\"3 minuty\" \/>\n<script type=\"application\/ld+json\" class=\"yoast-schema-graph\">{\"@context\":\"https:\\\/\\\/schema.org\",\"@graph\":[{\"@type\":\"WebPage\",\"@id\":\"https:\\\/\\\/www.superoperator.com\\\/pl\\\/ciasteczka\\\/\",\"url\":\"https:\\\/\\\/www.superoperator.com\\\/pl\\\/ciasteczka\\\/\",\"name\":\"Ciasteczka - Superoperator\",\"isPartOf\":{\"@id\":\"https:\\\/\\\/www.superoperator.com\\\/#website\"},\"datePublished\":\"2020-05-07T12:12:57+00:00\",\"dateModified\":\"2024-09-06T09:48:28+00:00\",\"breadcrumb\":{\"@id\":\"https:\\\/\\\/www.superoperator.com\\\/pl\\\/ciasteczka\\\/#breadcrumb\"},\"inLanguage\":\"pl-PL\",\"potentialAction\":[{\"@type\":\"ReadAction\",\"target\":[\"https:\\\/\\\/www.superoperator.com\\\/pl\\\/ciasteczka\\\/\"]}]},{\"@type\":\"BreadcrumbList\",\"@id\":\"https:\\\/\\\/www.superoperator.com\\\/pl\\\/ciasteczka\\\/#breadcrumb\",\"itemListElement\":[{\"@type\":\"ListItem\",\"position\":1,\"name\":\"Home\",\"item\":\"https:\\\/\\\/www.superoperator.com\\\/pl\\\/\"},{\"@type\":\"ListItem\",\"position\":2,\"name\":\"Ciasteczka\"}]},{\"@type\":\"WebSite\",\"@id\":\"https:\\\/\\\/www.superoperator.com\\\/#website\",\"url\":\"https:\\\/\\\/www.superoperator.com\\\/\",\"name\":\"Superoperator\",\"description\":\"We Transformed Carwash\",\"publisher\":{\"@id\":\"https:\\\/\\\/www.superoperator.com\\\/#organization\"},\"potentialAction\":[{\"@type\":\"SearchAction\",\"target\":{\"@type\":\"EntryPoint\",\"urlTemplate\":\"https:\\\/\\\/www.superoperator.com\\\/?s={search_term_string}\"},\"query-input\":{\"@type\":\"PropertyValueSpecification\",\"valueRequired\":true,\"valueName\":\"search_term_string\"}}],\"inLanguage\":\"pl-PL\"},{\"@type\":\"Organization\",\"@id\":\"https:\\\/\\\/www.superoperator.com\\\/#organization\",\"name\":\"Superoperator\",\"url\":\"https:\\\/\\\/www.superoperator.com\\\/\",\"logo\":{\"@type\":\"ImageObject\",\"inLanguage\":\"pl-PL\",\"@id\":\"https:\\\/\\\/www.superoperator.com\\\/#\\\/schema\\\/logo\\\/image\\\/\",\"url\":\"https:\\\/\\\/www.superoperator.com\\\/wp-content\\\/uploads\\\/2020\\\/01\\\/fav-LOGO.png\",\"contentUrl\":\"https:\\\/\\\/www.superoperator.com\\\/wp-content\\\/uploads\\\/2020\\\/01\\\/fav-LOGO.png\",\"width\":512,\"height\":512,\"caption\":\"Superoperator\"},\"image\":{\"@id\":\"https:\\\/\\\/www.superoperator.com\\\/#\\\/schema\\\/logo\\\/image\\\/\"},\"sameAs\":[\"https:\\\/\\\/www.facebook.com\\\/Superoperator-781564388619019\\\/\",\"https:\\\/\\\/x.com\\\/SuperoperatorHQ\",\"https:\\\/\\\/www.instagram.com\\\/superoperatorlife\\\/\",\"https:\\\/\\\/www.linkedin.com\\\/company\\\/superoperator\\\/\"]}]}<\/script>\n<!-- \/ Yoast SEO Premium plugin. -->","yoast_head_json":{"title":"Ciasteczka - Superoperator","robots":{"index":"index","follow":"follow","max-snippet":"max-snippet:-1","max-image-preview":"max-image-preview:large","max-video-preview":"max-video-preview:-1"},"canonical":"https:\/\/www.superoperator.com\/pl\/ciasteczka\/","og_locale":"pl_PL","og_type":"article","og_title":"Ciasteczka","og_description":"[&hellip;]","og_url":"https:\/\/www.superoperator.com\/pl\/ciasteczka\/","og_site_name":"Superoperator","article_publisher":"https:\/\/www.facebook.com\/Superoperator-781564388619019\/","article_modified_time":"2024-09-06T09:48:28+00:00","twitter_card":"summary_large_image","twitter_site":"@SuperoperatorHQ","twitter_misc":{"Szacowany czas czytania":"3 minuty"},"schema":{"@context":"https:\/\/schema.org","@graph":[{"@type":"WebPage","@id":"https:\/\/www.superoperator.com\/pl\/ciasteczka\/","url":"https:\/\/www.superoperator.com\/pl\/ciasteczka\/","name":"Ciasteczka - Superoperator","isPartOf":{"@id":"https:\/\/www.superoperator.com\/#website"},"datePublished":"2020-05-07T12:12:57+00:00","dateModified":"2024-09-06T09:48:28+00:00","breadcrumb":{"@id":"https:\/\/www.superoperator.com\/pl\/ciasteczka\/#breadcrumb"},"inLanguage":"pl-PL","potentialAction":[{"@type":"ReadAction","target":["https:\/\/www.superoperator.com\/pl\/ciasteczka\/"]}]},{"@type":"BreadcrumbList","@id":"https:\/\/www.superoperator.com\/pl\/ciasteczka\/#breadcrumb","itemListElement":[{"@type":"ListItem","position":1,"name":"Home","item":"https:\/\/www.superoperator.com\/pl\/"},{"@type":"ListItem","position":2,"name":"Ciasteczka"}]},{"@type":"WebSite","@id":"https:\/\/www.superoperator.com\/#website","url":"https:\/\/www.superoperator.com\/","name":"Superoperator","description":"We Transformed Carwash","publisher":{"@id":"https:\/\/www.superoperator.com\/#organization"},"potentialAction":[{"@type":"SearchAction","target":{"@type":"EntryPoint","urlTemplate":"https:\/\/www.superoperator.com\/?s={search_term_string}"},"query-input":{"@type":"PropertyValueSpecification","valueRequired":true,"valueName":"search_term_string"}}],"inLanguage":"pl-PL"},{"@type":"Organization","@id":"https:\/\/www.superoperator.com\/#organization","name":"Superoperator","url":"https:\/\/www.superoperator.com\/","logo":{"@type":"ImageObject","inLanguage":"pl-PL","@id":"https:\/\/www.superoperator.com\/#\/schema\/logo\/image\/","url":"https:\/\/www.superoperator.com\/wp-content\/uploads\/2020\/01\/fav-LOGO.png","contentUrl":"https:\/\/www.superoperator.com\/wp-content\/uploads\/2020\/01\/fav-LOGO.png","width":512,"height":512,"caption":"Superoperator"},"image":{"@id":"https:\/\/www.superoperator.com\/#\/schema\/logo\/image\/"},"sameAs":["https:\/\/www.facebook.com\/Superoperator-781564388619019\/","https:\/\/x.com\/SuperoperatorHQ","https:\/\/www.instagram.com\/superoperatorlife\/","https:\/\/www.linkedin.com\/company\/superoperator\/"]}]}},"_links":{"self":[{"href":"https:\/\/www.superoperator.com\/pl\/wp-json\/wp\/v2\/pages\/1169","targetHints":{"allow":["GET"]}}],"collection":[{"href":"https:\/\/www.superoperator.com\/pl\/wp-json\/wp\/v2\/pages"}],"about":[{"href":"https:\/\/www.superoperator.com\/pl\/wp-json\/wp\/v2\/types\/page"}],"author":[{"embeddable":true,"href":"https:\/\/www.superoperator.com\/pl\/wp-json\/wp\/v2\/users\/2"}],"replies":[{"embeddable":true,"href":"https:\/\/www.superoperator.com\/pl\/wp-json\/wp\/v2\/comments?post=1169"}],"version-history":[{"count":0,"href":"https:\/\/www.superoperator.com\/pl\/wp-json\/wp\/v2\/pages\/1169\/revisions"}],"wp:attachment":[{"href":"https:\/\/www.superoperator.com\/pl\/wp-json\/wp\/v2\/media?parent=1169"}],"curies":[{"name":"wp","href":"https:\/\/api.w.org\/{rel}","templated":true}]}}