{"id":2481,"date":"2022-04-27T10:54:14","date_gmt":"2022-04-27T07:54:14","guid":{"rendered":"https:\/\/vgr2v8c1by8.c.updraftclone.com\/?page_id=2481"},"modified":"2022-08-18T11:29:05","modified_gmt":"2022-08-18T08:29:05","slug":"loesungen","status":"publish","type":"page","link":"https:\/\/www.superoperator.com\/de\/loesungen\/","title":{"rendered":"L\u00f6sungen"},"content":{"rendered":"<section id=\"block-block_6268f5286ca60\" class=\"alignfull block hero-video block-full_width_video\">\n    <div class=\"full-width-video\">\n        <video autoplay muted loop playsinline\n               poster=\"\" src=\"https:\/\/www.superoperator.com\/wp-content\/uploads\/2020\/05\/Superoperator_GER_v012_Unternehmen_short_NO_TXT.mp4\">\n        <\/video>\n        <div class=\"video-overlay d-flex justify-content-center align-items-center\">\n            <a href=\"https:\/\/www.superoperator.com\/wp-content\/uploads\/2020\/04\/Superoperator_GER_v010_50MB_TXT.mp4\" target=\"_blank\"><i class=\"fas fa-play\"><\/i><\/a>\n        <\/div>\n    <\/div>\n<\/section>\n\n\n\n<h1 class=\"has-text-align-center py-3 has-brand-color has-text-color wp-block-heading\">Gewinnen Sie mit einer digitalen Waschanlage mehr Kunden f\u00fcr Ihre Autow\u00e4sche<\/h1>\n\n\n\n<p class=\"has-text-align-center leipateksti\">Die digitalen L\u00f6sungen f\u00fcr die Autow\u00e4sche von Superoperator verwandeln die Customer Journey in der Waschanlage in ein schnelles und einfaches Erlebnis ohne lange Wartezeiten. Von der Hardware \u00fcber die automatische Kennzeichenerfassung und die mobile App f\u00fcr die Autow\u00e4sche bis hin zu den Verwaltungs- und Datentools bieten wir Ihnen alles, was Sie f\u00fcr h\u00f6here Ums\u00e4tze in Ihrem Waschanlagenbetrieb brauchen.<\/p>\n\n\n\n<h3 class=\"has-text-align-center h2-small has-green-color has-text-color wp-block-heading\">Optimieren Sie das Kundenerlebnis bei Ihrer Autow\u00e4sche<\/h3>\n\n\n\n<p class=\"has-text-align-center\">Wussten Sie schon, dass die meisten Fahrzeugbesitzer sagen, dass sie ihr Auto nicht gerne waschen, sondern es einfach nur sauber haben m\u00f6chten? Warum ist das so? Weil sie den Waschvorgang zu kompliziert und zeitaufw\u00e4ndig finden. Dieses Problem k\u00f6nnen Sie am besten l\u00f6sen, indem Sie daf\u00fcr sorgen, dass ein Besuch in Ihrer Waschanlage so schnell und bequem wie m\u00f6glich abl\u00e4uft \u2013 mit der Technologie von Superoperator.<\/p>\n\n\n\n<h3 class=\"has-text-align-center has-green-color has-text-color wp-block-heading\">Eine unkomplizierte Customer Journey mit den L\u00f6sungen von Superoperator:<\/h3>\n\n\n\n<ul class=\"platform-block wp-block-list\"><li>Der Kunde findet die n\u00e4chstgelegene Waschanlage mit der mobilen App auf seinem Smartphone.<\/li><li>Er w\u00e4hlt das Waschprogramm \u00fcber seine App aus und bezahlt es auch dort.<\/li><li>Er f\u00e4hrt direkt in die Waschanlage.<\/li><li>Er wartet w\u00e4hrend der Autow\u00e4sche im Fahrzeug.<\/li><li>Er f\u00e4hrt wieder aus der Waschanlage.<\/li><\/ul>\n\n\n\n<div style=\"height:10px\" aria-hidden=\"true\" class=\"wp-block-spacer\"><\/div>\n\n\n\n<p class=\"has-text-align-center\">Das ist das einfachste, schnellste und bequemste Wascherlebnis, das Sie Ihren Kunden bieten k\u00f6nnen. Keine l\u00e4stigen Waschm\u00fcnzen, Bezahlstationen und verwirrenden Waschprogramme mehr! Das optimierte Kundenerlebnis bringt Ihnen neue, zufriedene Kunden, die immer wieder kommen. Unsere L\u00f6sungen f\u00fcr die Autow\u00e4sche wurden speziell daf\u00fcr entwickelt, dass Sie sie dabei unterst\u00fctzen.<\/p>\n\n\n\n<div style=\"height:10px\" aria-hidden=\"true\" class=\"wp-block-spacer\"><\/div>\n\n\n\n<h2 class=\"has-text-align-center has-brand-color has-text-color wp-block-heading\">Vernetzen Sie Ihre Waschanlage mit den L\u00f6sungen von Superoperator online<\/h2>\n\n\n\n<p class=\"has-text-align-center leipateksti\">Ihr gesamter Waschanlagenbetrieb inklusive bestehender Systeme und Ausstattung wird durch unser Digitalisierungspaket zu einem digitalen Gesch\u00e4ftsmodell.<\/p>\n\n\n\n<div style=\"height:10px\" aria-hidden=\"true\" class=\"wp-block-spacer\"><\/div>\n\n\n\n<div class=\"wp-block-columns mb-md-5 is-layout-flex wp-container-core-columns-is-layout-9d6595d7 wp-block-columns-is-layout-flex\">\n<div class=\"wp-block-column is-layout-flow wp-block-column-is-layout-flow\"><div class=\"wp-block-image is-style-default solutionsicon\">\n<figure class=\"aligncenter size-large\"><img loading=\"lazy\" decoding=\"async\" width=\"400\" height=\"400\" src=\"https:\/\/www.superoperator.com\/wp-content\/uploads\/2020\/01\/so-master-box-icon.png\" alt=\"Das Hardware-Icon f\u00fcr die Masterbox von Superoperator mit Masterbox-Technologie und digitalen Signalwellen\" class=\"wp-image-1176\" srcset=\"https:\/\/www.superoperator.com\/wp-content\/uploads\/2020\/01\/so-master-box-icon.png 400w, https:\/\/www.superoperator.com\/wp-content\/uploads\/2020\/01\/so-master-box-icon-324x324.png 324w\" sizes=\"auto, (max-width: 400px) 100vw, 400px\" \/><\/figure>\n<\/div>\n\n\n<h4 class=\"has-text-align-center wp-block-heading\" id=\"dashboard\" style=\"text-transform:capitalize\">Die Masterbox von SO<\/h4>\n\n\n\n<p class=\"has-text-align-center\">Starten Sie mit der Masterbox von SO Ihr Online Business. Sie ist gleicherma\u00dfen f\u00fcr Waschstra\u00dfen, Portalwaschanlagen und SB-Waschpl\u00e4tze geeignet, mit ihrem Hardwarepaket kompatibel mit allen Arten und Gr\u00f6\u00dfen von Waschanlagen und l\u00e4sst sich mit allen Ausstattungen, Betriebssystemen und Anwendungen kombinieren. Die Installation erfolgt schnell und kosteng\u00fcnstig \u2013 und sobald wir Sie vernetzt haben, werden Ihre Waschanlagen online betrieben.<\/p>\n<\/div>\n\n\n\n<div class=\"wp-block-column is-layout-flow wp-block-column-is-layout-flow\"><div class=\"wp-block-image is-style-default solutionsicon\">\n<figure class=\"aligncenter size-large\"><img loading=\"lazy\" decoding=\"async\" width=\"400\" height=\"400\" src=\"https:\/\/www.superoperator.com\/wp-content\/uploads\/2020\/01\/so-automatic-licence-plate-recognition-icon.png\" alt=\"Das Icon f\u00fcr die automatische Kennzeichenerfassung von Superoperator mit einem erfassten Kennzeichen\" class=\"wp-image-1179\" srcset=\"https:\/\/www.superoperator.com\/wp-content\/uploads\/2020\/01\/so-automatic-licence-plate-recognition-icon.png 400w, https:\/\/www.superoperator.com\/wp-content\/uploads\/2020\/01\/so-automatic-licence-plate-recognition-icon-324x324.png 324w\" sizes=\"auto, (max-width: 400px) 100vw, 400px\" \/><\/figure>\n<\/div>\n\n\n<h4 class=\"has-text-align-center wp-block-heading\" style=\"text-transform:capitalize\">Automatische Kennzeichenerfassung<\/h4>\n\n\n\n<p class=\"has-text-align-center\">Fahren Sie doch einfach rein! Das System zur automatischen Kennzeichenerfassung von Superoperator identifiziert automatisch die Fahrzeuge an jeder Waschanlagenzufahrt, sodass die Kunden die Autow\u00e4sche erledigen k\u00f6nnen, ohne dabei das Fahrzeug verlassen zu m\u00fcssen.<\/p>\n<\/div>\n<\/div>\n\n\n\n<div class=\"wp-block-columns mb-5 my-md-5 is-layout-flex wp-container-core-columns-is-layout-9d6595d7 wp-block-columns-is-layout-flex\">\n<div class=\"wp-block-column is-layout-flow wp-block-column-is-layout-flow\"><div class=\"wp-block-image is-style-default solutionsicon\">\n<figure class=\"aligncenter size-large\"><img loading=\"lazy\" decoding=\"async\" width=\"400\" height=\"400\" src=\"https:\/\/www.superoperator.com\/wp-content\/uploads\/2020\/01\/so-dashboard-icon.png\" alt=\"Das Icon des Dashboards von Superoperator mit einem Tablet, das Daten und Diagramme mit Kennzahlen anzeigt\" class=\"wp-image-1182\" srcset=\"https:\/\/www.superoperator.com\/wp-content\/uploads\/2020\/01\/so-dashboard-icon.png 400w, https:\/\/www.superoperator.com\/wp-content\/uploads\/2020\/01\/so-dashboard-icon-324x324.png 324w\" sizes=\"auto, (max-width: 400px) 100vw, 400px\" \/><\/figure>\n<\/div>\n\n\n<h4 class=\"has-text-align-center wp-block-heading\" style=\"text-transform:capitalize\">Das Dashboard von SO<\/h4>\n\n\n\n<p class=\"has-text-align-center\">Mit unserem Online-Verwaltungstool, das Ihnen eine Vielzahl von Funktionen bietet, behalten Sie rund um die Uhr den \u00dcberblick \u00fcber den Betrieb Ihrer Anlage. Sie k\u00f6nnen damit den Echtzeitstatus und die Live-Ansicht f\u00fcr jede Waschanlage \u00fcberwachen und Ihre Produkte, Tarife und Kundenkonten verwalten. Die erfassten Daten k\u00f6nnen Sie mit unserem <a href=\"\/de\/datentools\/\">optionalen Business Intelligence Tool<\/a> in leicht verst\u00e4ndliche, visuelle Darstellungen umwandeln. Die daraus gewonnenen Erkenntnisse helfen Ihnen dabei, alle wichtigen betrieblichen Aktivit\u00e4ten Ihres Unternehmens zu optimieren.<\/p>\n<\/div>\n\n\n\n<div class=\"wp-block-column is-layout-flow wp-block-column-is-layout-flow\"><div class=\"wp-block-image is-style-default solutionsicon\">\n<figure class=\"aligncenter size-large\"><img loading=\"lazy\" decoding=\"async\" width=\"400\" height=\"400\" src=\"https:\/\/www.superoperator.com\/wp-content\/uploads\/2020\/01\/so-app-icon.png\" alt=\"Das Icon der mobilen App von Superoperator, bei der eine Person mit der linken Hand ein Smartphone h\u00e4lt\" class=\"wp-image-1185\" srcset=\"https:\/\/www.superoperator.com\/wp-content\/uploads\/2020\/01\/so-app-icon.png 400w, https:\/\/www.superoperator.com\/wp-content\/uploads\/2020\/01\/so-app-icon-324x324.png 324w\" sizes=\"auto, (max-width: 400px) 100vw, 400px\" \/><\/figure>\n<\/div>\n\n\n<h4 class=\"has-text-align-center wp-block-heading\" style=\"text-transform:capitalize\">Ma\u00dfgeschneiderte mobile Anwendung f\u00fcr die Autow\u00e4sche<\/h4>\n\n\n\n<p class=\"has-text-align-center\">Gestalten Sie den Besuch der Kunden in Ihrer Waschanlage mit einer auf Ihre Marke zugeschnittenen Smartphone-App so schnell und einfach wie m\u00f6glich. Die Kunden verwenden die App zur kontaktlosen Nutzung Ihrer Waschanlage: In der App finden sie den Standort, w\u00e4hlen einen Tarifplan sowie ein Waschprogramm aus, bezahlen die Autow\u00e4sche und starten sie dann. Wenn Sie bereits \u00fcber eine eigene App verf\u00fcgen, k\u00f6nnen wir diese problemlos in unsere Systeme integrieren.<\/p>\n<\/div>\n<\/div>\n\n\n\n<div class=\"wp-block-columns mb-5 my-md-5 is-layout-flex wp-container-core-columns-is-layout-9d6595d7 wp-block-columns-is-layout-flex\">\n<div class=\"wp-block-column is-layout-flow wp-block-column-is-layout-flow\"><div class=\"wp-block-image is-style-default solutionsicon\">\n<figure class=\"aligncenter size-full\"><img loading=\"lazy\" decoding=\"async\" width=\"400\" height=\"400\" src=\"https:\/\/www.superoperator.com\/wp-content\/uploads\/2022\/04\/so-queue-camera-icon.png\" alt=\"Das Icon der Warteschlangen-Kamera von Superoperator mit aufzeichnender Kamera\" class=\"wp-image-2487\" srcset=\"https:\/\/www.superoperator.com\/wp-content\/uploads\/2022\/04\/so-queue-camera-icon.png 400w, https:\/\/www.superoperator.com\/wp-content\/uploads\/2022\/04\/so-queue-camera-icon-324x324.png 324w\" sizes=\"auto, (max-width: 400px) 100vw, 400px\" \/><\/figure>\n<\/div>\n\n\n<h4 class=\"has-text-align-center wp-block-heading\" style=\"text-transform:capitalize\">Warteschlangen-Kameras<\/h4>\n\n\n\n<p class=\"has-text-align-center\">Keine Warteschlangen mehr! Mithilfe der optionalen Warteschlangen-Kameras f\u00fcr die Waschanlagen k\u00f6nnen Kunden die Verf\u00fcgbarkeit von Waschpl\u00e4tzen in der mobilen App \u00fcberpr\u00fcfen und dadurch lange Warteschlangen vermeiden. Durch die unscharfen Aufnahmen bleibt die Privatsph\u00e4re des Fahrers gewahrt und es werden keine personenbezogenen Daten erfasst.<\/p>\n<\/div>\n\n\n\n<div class=\"wp-block-column is-layout-flow wp-block-column-is-layout-flow\"><\/div>\n<\/div>\n\n\n\n<div class=\"wp-block-group alignfull p-5 contact-us-solutions has-primary-background-color has-background\"><div class=\"wp-block-group__inner-container is-layout-flow wp-block-group-is-layout-flow\">\n<div class=\"wp-block-columns container-width-normal is-layout-flex wp-container-core-columns-is-layout-9d6595d7 wp-block-columns-is-layout-flex\">\n<div class=\"wp-block-column is-layout-flow wp-block-column-is-layout-flow\">\n<h2 class=\"has-text-align-center has-brand-color has-text-color wp-block-heading\"><strong>Bereit f\u00fcr den Wechsel vom analogen zum digitalen Zeitalter mit Superoperator?<\/strong><\/h2>\n\n\n\n<div style=\"height:30px\" aria-hidden=\"true\" class=\"wp-block-spacer\"><\/div>\n\n\n\n<div class=\"wp-block-buttons is-content-justification-center is-layout-flex wp-container-core-buttons-is-layout-16018d1d wp-block-buttons-is-layout-flex\">\n<div class=\"wp-block-button new-buttons\"><a class=\"wp-block-button__link has-light-color has-brand-background-color has-text-color has-background\" href=\"\/de\/kontakt\/\" style=\"border-radius:0px\">Kontaktieren Sie uns jetzt.<\/a><\/div>\n<\/div>\n<\/div>\n<\/div>\n<\/div><\/div>\n\n\n<div class=\"wp-block-image is-style-default mt-5 patented-img\">\n<figure class=\"aligncenter size-large\"><img loading=\"lazy\" decoding=\"async\" width=\"206\" height=\"233\" src=\"https:\/\/www.superoperator.com\/wp-content\/uploads\/2020\/01\/Asset-2.png\" alt=\"Das Logo der patentierten Technologie von Superoperator\" class=\"wp-image-1031\"\/><\/figure>\n<\/div>\n\n\n<p class=\"has-text-align-center\">Unserer Technologie wurde <a href=\"\/de\/patent-fur-eine-finnische-innovation\/\">in Finnland<\/a>, <a href=\"\/de\/us-patent-fuer-erfindung-von-superoperator\/\">in den USA<\/a> und in Neuseeland ein Patent f\u00fcr ein &#8222;System zur Steuerung einer fahrzeugbezogenen Servicestelle\u201c erteilt.<\/p>\n\n\n<div class=\"modal block block-popup\" id=\"block-block_600987b92dc1c\" tabindex=\"-1\" data-backdrop=\"false\" role=\"dialog\">\n    <div class=\"modal-dialog modal-dialog-centered\" role=\"document\">\n        <div class=\"modal-content\">\n            <div class=\"modal-header\">\n                <button type=\"button\" class=\"close\" data-dismiss=\"modal\" aria-label=\"Close\">\n                    <span aria-hidden=\"true\">&times;<\/span>\n                <\/button>\n            <\/div>\n            <div class=\"modal-body\">\n                \n\n<h3 class=\"has-text-align-center pb-4 has-brand-color has-text-color wp-block-heading\">CONTACT US FOR A FREE CONSULTANCY<\/h3>\n\n\n<section id=\"block-block_600987cf2dc1d\" class=\"align block block-contacts\">\n    <div class=\"row justify-content-md-center\">\n                <div class=\"col jcore-contact text-center mb-5\">\n                <img decoding=\"async\" src=\"https:\/\/www.superoperator.com\/wp-content\/uploads\/2020\/01\/ari-alander-superoperator.png\" alt=\"\">\n                <h3>Ari \u00c5lander<\/h3>\n                <p>Sales director<\/p>\n                <a href=\"tel:+358 40 520 8452\">+358 40 520 8452<\/a>\n                <a target=\"_blank\" href=\"mailto:ari.alander@superoperator.com\">ari.alander@superoperator.com<\/a>\n            <\/div>\n            <\/div>\n<\/section>\n\n\n\n<div class=\"wp-block-buttons is-horizontal is-content-justification-center is-layout-flex wp-container-core-buttons-is-layout-499968f5 wp-block-buttons-is-layout-flex\">\n<div class=\"wp-block-button\"><a class=\"wp-block-button__link\" href=\"https:\/\/superop.wpengine.com\/contact\/#form\">CONTACT<\/a><\/div>\n<\/div>\n\n\n            <\/div>\n        <\/div>\n    <\/div>\n<\/div>\n\n<script>\n    document.addEventListener(\"DOMContentLoaded\", function () {\n                if (!sessionStorage.block_600987b92dc1c) {\n            showModal();\n            sessionStorage.block_600987b92dc1c = 1;\n        }\n        \n        function showModal () {\n            setTimeout(function () {\n                jQuery('#block-block_600987b92dc1c').modal('show');\n            }, 15000)\n        }\n    });\n<\/script>\n\n\n\n<div style=\"height:1px\" aria-hidden=\"true\" class=\"wp-block-spacer\"><\/div>\n","protected":false},"excerpt":{"rendered":"<p> [&hellip;]<\/p>\n","protected":false},"author":9,"featured_media":1638,"parent":0,"menu_order":0,"comment_status":"closed","ping_status":"closed","template":"","meta":{"_acf_changed":false,"footnotes":""},"class_list":["post-2481","page","type-page","status-publish","has-post-thumbnail","hentry"],"acf":[],"yoast_head":"<!-- This site is optimized with the Yoast SEO Premium plugin v27.4 (Yoast SEO v27.4) - https:\/\/yoast.com\/product\/yoast-seo-premium-wordpress\/ -->\n<title>Digitale L\u00f6sungen f\u00fcr die Autow\u00e4sche | Superoperator<\/title>\n<meta name=\"description\" content=\"Gewinnen Sie Neukunden, indem Sie mit den digitalen L\u00f6sungen f\u00fcr die Autow\u00e4sche von Superoperator Ihr Kundenerlebnis und Ihre Customer Journey optimieren.\" \/>\n<meta name=\"robots\" content=\"index, follow, max-snippet:-1, max-image-preview:large, max-video-preview:-1\" \/>\n<link rel=\"canonical\" href=\"https:\/\/www.superoperator.com\/de\/loesungen\/\" \/>\n<meta property=\"og:locale\" content=\"de_DE\" \/>\n<meta property=\"og:type\" content=\"article\" \/>\n<meta property=\"og:title\" content=\"L\u00f6sungen\" \/>\n<meta property=\"og:description\" content=\"Gewinnen Sie Neukunden, indem Sie mit den digitalen L\u00f6sungen f\u00fcr die Autow\u00e4sche von Superoperator Ihr Kundenerlebnis und Ihre Customer Journey optimieren.\" \/>\n<meta property=\"og:url\" content=\"https:\/\/www.superoperator.com\/de\/loesungen\/\" \/>\n<meta property=\"og:site_name\" content=\"Superoperator\" \/>\n<meta property=\"article:publisher\" content=\"https:\/\/www.facebook.com\/Superoperator-781564388619019\/\" \/>\n<meta property=\"article:modified_time\" content=\"2022-08-18T08:29:05+00:00\" \/>\n<meta property=\"og:image\" content=\"https:\/\/www.superoperator.com\/wp-content\/uploads\/2021\/01\/vlcsnap-2021-01-22-16h54m51s043.png\" \/>\n\t<meta property=\"og:image:width\" content=\"1920\" \/>\n\t<meta property=\"og:image:height\" content=\"810\" \/>\n\t<meta property=\"og:image:type\" content=\"image\/png\" \/>\n<meta name=\"twitter:card\" content=\"summary_large_image\" \/>\n<meta name=\"twitter:site\" content=\"@SuperoperatorHQ\" \/>\n<meta name=\"twitter:label1\" content=\"Gesch\u00e4tzte Lesezeit\" \/>\n\t<meta name=\"twitter:data1\" content=\"4 Minuten\" \/>\n<script type=\"application\/ld+json\" class=\"yoast-schema-graph\">{\"@context\":\"https:\\\/\\\/schema.org\",\"@graph\":[{\"@type\":\"WebPage\",\"@id\":\"https:\\\/\\\/www.superoperator.com\\\/de\\\/loesungen\\\/\",\"url\":\"https:\\\/\\\/www.superoperator.com\\\/de\\\/loesungen\\\/\",\"name\":\"Digitale L\u00f6sungen f\u00fcr die Autow\u00e4sche | Superoperator\",\"isPartOf\":{\"@id\":\"https:\\\/\\\/www.superoperator.com\\\/#website\"},\"primaryImageOfPage\":{\"@id\":\"https:\\\/\\\/www.superoperator.com\\\/de\\\/loesungen\\\/#primaryimage\"},\"image\":{\"@id\":\"https:\\\/\\\/www.superoperator.com\\\/de\\\/loesungen\\\/#primaryimage\"},\"thumbnailUrl\":\"https:\\\/\\\/www.superoperator.com\\\/wp-content\\\/uploads\\\/2021\\\/01\\\/vlcsnap-2021-01-22-16h54m51s043.png\",\"datePublished\":\"2022-04-27T07:54:14+00:00\",\"dateModified\":\"2022-08-18T08:29:05+00:00\",\"description\":\"Gewinnen Sie Neukunden, indem Sie mit den digitalen L\u00f6sungen f\u00fcr die Autow\u00e4sche von Superoperator Ihr Kundenerlebnis und Ihre Customer Journey optimieren.\",\"breadcrumb\":{\"@id\":\"https:\\\/\\\/www.superoperator.com\\\/de\\\/loesungen\\\/#breadcrumb\"},\"inLanguage\":\"de-DE\",\"potentialAction\":[{\"@type\":\"ReadAction\",\"target\":[\"https:\\\/\\\/www.superoperator.com\\\/de\\\/loesungen\\\/\"]}]},{\"@type\":\"ImageObject\",\"inLanguage\":\"de-DE\",\"@id\":\"https:\\\/\\\/www.superoperator.com\\\/de\\\/loesungen\\\/#primaryimage\",\"url\":\"https:\\\/\\\/www.superoperator.com\\\/wp-content\\\/uploads\\\/2021\\\/01\\\/vlcsnap-2021-01-22-16h54m51s043.png\",\"contentUrl\":\"https:\\\/\\\/www.superoperator.com\\\/wp-content\\\/uploads\\\/2021\\\/01\\\/vlcsnap-2021-01-22-16h54m51s043.png\",\"width\":1920,\"height\":810},{\"@type\":\"BreadcrumbList\",\"@id\":\"https:\\\/\\\/www.superoperator.com\\\/de\\\/loesungen\\\/#breadcrumb\",\"itemListElement\":[{\"@type\":\"ListItem\",\"position\":1,\"name\":\"Home\",\"item\":\"https:\\\/\\\/www.superoperator.com\\\/de\\\/\"},{\"@type\":\"ListItem\",\"position\":2,\"name\":\"L\u00f6sungen\"}]},{\"@type\":\"WebSite\",\"@id\":\"https:\\\/\\\/www.superoperator.com\\\/#website\",\"url\":\"https:\\\/\\\/www.superoperator.com\\\/\",\"name\":\"Superoperator\",\"description\":\"We Transformed Carwash\",\"publisher\":{\"@id\":\"https:\\\/\\\/www.superoperator.com\\\/#organization\"},\"potentialAction\":[{\"@type\":\"SearchAction\",\"target\":{\"@type\":\"EntryPoint\",\"urlTemplate\":\"https:\\\/\\\/www.superoperator.com\\\/?s={search_term_string}\"},\"query-input\":{\"@type\":\"PropertyValueSpecification\",\"valueRequired\":true,\"valueName\":\"search_term_string\"}}],\"inLanguage\":\"de-DE\"},{\"@type\":\"Organization\",\"@id\":\"https:\\\/\\\/www.superoperator.com\\\/#organization\",\"name\":\"Superoperator\",\"url\":\"https:\\\/\\\/www.superoperator.com\\\/\",\"logo\":{\"@type\":\"ImageObject\",\"inLanguage\":\"de-DE\",\"@id\":\"https:\\\/\\\/www.superoperator.com\\\/#\\\/schema\\\/logo\\\/image\\\/\",\"url\":\"https:\\\/\\\/www.superoperator.com\\\/wp-content\\\/uploads\\\/2020\\\/01\\\/fav-LOGO.png\",\"contentUrl\":\"https:\\\/\\\/www.superoperator.com\\\/wp-content\\\/uploads\\\/2020\\\/01\\\/fav-LOGO.png\",\"width\":512,\"height\":512,\"caption\":\"Superoperator\"},\"image\":{\"@id\":\"https:\\\/\\\/www.superoperator.com\\\/#\\\/schema\\\/logo\\\/image\\\/\"},\"sameAs\":[\"https:\\\/\\\/www.facebook.com\\\/Superoperator-781564388619019\\\/\",\"https:\\\/\\\/x.com\\\/SuperoperatorHQ\",\"https:\\\/\\\/www.instagram.com\\\/superoperatorlife\\\/\",\"https:\\\/\\\/www.linkedin.com\\\/company\\\/superoperator\\\/\"]}]}<\/script>\n<!-- \/ Yoast SEO Premium plugin. -->","yoast_head_json":{"title":"Digitale L\u00f6sungen f\u00fcr die Autow\u00e4sche | Superoperator","description":"Gewinnen Sie Neukunden, indem Sie mit den digitalen L\u00f6sungen f\u00fcr die Autow\u00e4sche von Superoperator Ihr Kundenerlebnis und Ihre Customer Journey optimieren.","robots":{"index":"index","follow":"follow","max-snippet":"max-snippet:-1","max-image-preview":"max-image-preview:large","max-video-preview":"max-video-preview:-1"},"canonical":"https:\/\/www.superoperator.com\/de\/loesungen\/","og_locale":"de_DE","og_type":"article","og_title":"L\u00f6sungen","og_description":"Gewinnen Sie Neukunden, indem Sie mit den digitalen L\u00f6sungen f\u00fcr die Autow\u00e4sche von Superoperator Ihr Kundenerlebnis und Ihre Customer Journey optimieren.","og_url":"https:\/\/www.superoperator.com\/de\/loesungen\/","og_site_name":"Superoperator","article_publisher":"https:\/\/www.facebook.com\/Superoperator-781564388619019\/","article_modified_time":"2022-08-18T08:29:05+00:00","og_image":[{"width":1920,"height":810,"url":"https:\/\/www.superoperator.com\/wp-content\/uploads\/2021\/01\/vlcsnap-2021-01-22-16h54m51s043.png","type":"image\/png"}],"twitter_card":"summary_large_image","twitter_site":"@SuperoperatorHQ","twitter_misc":{"Gesch\u00e4tzte Lesezeit":"4 Minuten"},"schema":{"@context":"https:\/\/schema.org","@graph":[{"@type":"WebPage","@id":"https:\/\/www.superoperator.com\/de\/loesungen\/","url":"https:\/\/www.superoperator.com\/de\/loesungen\/","name":"Digitale L\u00f6sungen f\u00fcr die Autow\u00e4sche | Superoperator","isPartOf":{"@id":"https:\/\/www.superoperator.com\/#website"},"primaryImageOfPage":{"@id":"https:\/\/www.superoperator.com\/de\/loesungen\/#primaryimage"},"image":{"@id":"https:\/\/www.superoperator.com\/de\/loesungen\/#primaryimage"},"thumbnailUrl":"https:\/\/www.superoperator.com\/wp-content\/uploads\/2021\/01\/vlcsnap-2021-01-22-16h54m51s043.png","datePublished":"2022-04-27T07:54:14+00:00","dateModified":"2022-08-18T08:29:05+00:00","description":"Gewinnen Sie Neukunden, indem Sie mit den digitalen L\u00f6sungen f\u00fcr die Autow\u00e4sche von Superoperator Ihr Kundenerlebnis und Ihre Customer Journey optimieren.","breadcrumb":{"@id":"https:\/\/www.superoperator.com\/de\/loesungen\/#breadcrumb"},"inLanguage":"de-DE","potentialAction":[{"@type":"ReadAction","target":["https:\/\/www.superoperator.com\/de\/loesungen\/"]}]},{"@type":"ImageObject","inLanguage":"de-DE","@id":"https:\/\/www.superoperator.com\/de\/loesungen\/#primaryimage","url":"https:\/\/www.superoperator.com\/wp-content\/uploads\/2021\/01\/vlcsnap-2021-01-22-16h54m51s043.png","contentUrl":"https:\/\/www.superoperator.com\/wp-content\/uploads\/2021\/01\/vlcsnap-2021-01-22-16h54m51s043.png","width":1920,"height":810},{"@type":"BreadcrumbList","@id":"https:\/\/www.superoperator.com\/de\/loesungen\/#breadcrumb","itemListElement":[{"@type":"ListItem","position":1,"name":"Home","item":"https:\/\/www.superoperator.com\/de\/"},{"@type":"ListItem","position":2,"name":"L\u00f6sungen"}]},{"@type":"WebSite","@id":"https:\/\/www.superoperator.com\/#website","url":"https:\/\/www.superoperator.com\/","name":"Superoperator","description":"We Transformed Carwash","publisher":{"@id":"https:\/\/www.superoperator.com\/#organization"},"potentialAction":[{"@type":"SearchAction","target":{"@type":"EntryPoint","urlTemplate":"https:\/\/www.superoperator.com\/?s={search_term_string}"},"query-input":{"@type":"PropertyValueSpecification","valueRequired":true,"valueName":"search_term_string"}}],"inLanguage":"de-DE"},{"@type":"Organization","@id":"https:\/\/www.superoperator.com\/#organization","name":"Superoperator","url":"https:\/\/www.superoperator.com\/","logo":{"@type":"ImageObject","inLanguage":"de-DE","@id":"https:\/\/www.superoperator.com\/#\/schema\/logo\/image\/","url":"https:\/\/www.superoperator.com\/wp-content\/uploads\/2020\/01\/fav-LOGO.png","contentUrl":"https:\/\/www.superoperator.com\/wp-content\/uploads\/2020\/01\/fav-LOGO.png","width":512,"height":512,"caption":"Superoperator"},"image":{"@id":"https:\/\/www.superoperator.com\/#\/schema\/logo\/image\/"},"sameAs":["https:\/\/www.facebook.com\/Superoperator-781564388619019\/","https:\/\/x.com\/SuperoperatorHQ","https:\/\/www.instagram.com\/superoperatorlife\/","https:\/\/www.linkedin.com\/company\/superoperator\/"]}]}},"_links":{"self":[{"href":"https:\/\/www.superoperator.com\/de\/wp-json\/wp\/v2\/pages\/2481","targetHints":{"allow":["GET"]}}],"collection":[{"href":"https:\/\/www.superoperator.com\/de\/wp-json\/wp\/v2\/pages"}],"about":[{"href":"https:\/\/www.superoperator.com\/de\/wp-json\/wp\/v2\/types\/page"}],"author":[{"embeddable":true,"href":"https:\/\/www.superoperator.com\/de\/wp-json\/wp\/v2\/users\/9"}],"replies":[{"embeddable":true,"href":"https:\/\/www.superoperator.com\/de\/wp-json\/wp\/v2\/comments?post=2481"}],"version-history":[{"count":0,"href":"https:\/\/www.superoperator.com\/de\/wp-json\/wp\/v2\/pages\/2481\/revisions"}],"wp:featuredmedia":[{"embeddable":true,"href":"https:\/\/www.superoperator.com\/de\/wp-json\/wp\/v2\/media\/1638"}],"wp:attachment":[{"href":"https:\/\/www.superoperator.com\/de\/wp-json\/wp\/v2\/media?parent=2481"}],"curies":[{"name":"wp","href":"https:\/\/api.w.org\/{rel}","templated":true}]}}