{"id":2453,"date":"2022-04-27T11:27:36","date_gmt":"2022-04-27T08:27:36","guid":{"rendered":"https:\/\/vgr2v8c1by8.c.updraftclone.com\/?page_id=2453"},"modified":"2022-08-18T11:32:15","modified_gmt":"2022-08-18T08:32:15","slug":"ueber-uns","status":"publish","type":"page","link":"https:\/\/www.superoperator.com\/de\/ueber-uns\/","title":{"rendered":"\u00dcber uns"},"content":{"rendered":"\n<div class=\"wp-block-cover alignfull is-light\" style=\"min-height:40vw;aspect-ratio:unset;\"><span aria-hidden=\"true\" class=\"wp-block-cover__background has-background-dim-0 has-background-dim\"><\/span><img loading=\"lazy\" decoding=\"async\" width=\"1200\" height=\"583\" class=\"wp-block-cover__image-background wp-image-752\" alt=\"Ein wei\u00dfes Auto, das in einer Waschanlage gewaschen wird\" src=\"https:\/\/www.superoperator.com\/wp-content\/uploads\/2020\/01\/superoperator-car-wash-large-1200x583.jpg\" data-object-fit=\"cover\" srcset=\"https:\/\/www.superoperator.com\/wp-content\/uploads\/2020\/01\/superoperator-car-wash-large-1200x583.jpg 1200w, https:\/\/www.superoperator.com\/wp-content\/uploads\/2020\/01\/superoperator-car-wash-large-768x373.jpg 768w, https:\/\/www.superoperator.com\/wp-content\/uploads\/2020\/01\/superoperator-car-wash-large-576x280.jpg 576w, https:\/\/www.superoperator.com\/wp-content\/uploads\/2020\/01\/superoperator-car-wash-large-1536x746.jpg 1536w, https:\/\/www.superoperator.com\/wp-content\/uploads\/2020\/01\/superoperator-car-wash-large-2048x995.jpg 2048w\" sizes=\"auto, (max-width: 1200px) 100vw, 1200px\" \/><div class=\"wp-block-cover__inner-container is-layout-flow wp-block-cover-is-layout-flow\">\n<p class=\"has-large-font-size\"><\/p>\n<\/div><\/div>\n\n\n\n<h2 class=\"has-text-align-center py-3 wp-block-heading\" style=\"text-transform:capitalize\">Von der ersten digitalen Waschanlage der Welt zur f\u00fchrenden Plattform der Branche<\/h2>\n\n\n\n<p class=\"has-text-align-center leipateksti\">Superoperator ist ein Technologieunternehmen, das Waschanlagenbetreiber dabei unterst\u00fctzt, durch die Digitalisierung zu wachsen. Das Unternehmen entwickelt, verkauft und vertreibt seine L\u00f6sungen und seine Plattform f\u00fcr Waschanlagen als SaaS (Software as a Service), \u00fcber die Waschanlagen mit Fahrern und virtuellen Netzbetreibern vernetzt werden.<\/p>\n\n\n\n<div class=\"wp-block-columns columns-mod-width is-layout-flex wp-container-core-columns-is-layout-9d6595d7 wp-block-columns-is-layout-flex\">\n<div class=\"wp-block-column is-layout-flow wp-block-column-is-layout-flow\">\n<p>Viele bahnbrechende Erfindungen entstehen bei der L\u00f6sung allt\u00e4glicher Probleme. Die Erfindung von Superoperator macht da keine Ausnahme. Erkki Aminoff, der heutige CEO des Unternehmens, \u00e4rgerte sich beim Waschen seines Autos \u00fcber die langen Warteschlangen und die vielen unn\u00f6tigen Schritte in der Waschanlage. Von da an war es sein Ziel, eine Autow\u00e4sche ohne all das anzubieten, was den Fahrern auf die Nerven geht. Das Ergebnis ist das, was wir heute als Superoperator kennen.<\/p>\n\n\n\n<p>Aminoff und sein Team entwickelten eine innovative L\u00f6sung, die 2012 in Finnland als das weltweit erste digitale Waschanlagennetz Juhlapesu umgesetzt wurde. Seitdem kann jede Waschanlage mit der Technologie von Superoperator ausgestattet und per App komplett digital gesteuert werden. Dank der automatischen Kennzeichenerfassung muss der Fahrer bei der Autow\u00e4sche nicht einmal mehr das Fahrzeug verlassen.<\/p>\n<\/div>\n\n\n\n<div class=\"wp-block-column is-layout-flow wp-block-column-is-layout-flow\">\n<p>Da Superoperator seine innovative L\u00f6sung f\u00fcr Waschanlagen stetig weiterentwickelt, vermarktet und vertrieben hat, gibt es heute bereits Waschanlagenbetreiber und Tankstellen mit Lizenzen f\u00fcr die Technologie von Superoperator in Europa, den USA und Australien. F\u00fcr seine Innovation h\u00e4lt das Unternehmen Patente <a href=\"\/de\/patent-fur-eine-finnische-innovation\/\">in Finnland<\/a>, <a href=\"\/de\/us-patent-fuer-erfindung-von-superoperator\/\">den USA<\/a> und Neuseeland.<\/p>\n\n\n\n<p>Mit dieser Erfindung hat Superoperator den Wandel in der gesamten Fahrzeugdienstleistungsbranche eingel\u00e4utet. Im Kontext der COVID-19-Pandemie sorgen die automatisierten Servicel\u00f6sungen von Superoperator nicht nur f\u00fcr mehr Einnahmen und Kosteneinsparungen f\u00fcr Waschanlagenbetreiber, sondern auch f\u00fcr ein kontaktloses und sicheres Wascherlebnis f\u00fcr die Kunden.<\/p>\n<\/div>\n<\/div>\n\n\n\n<div class=\"wp-block-group alignfull py-3 mb-0 has-primary-background-color has-background\"><div class=\"wp-block-group__inner-container is-layout-flow wp-block-group-is-layout-flow\">\n<h2 class=\"has-text-align-center py-4 wp-block-heading\" style=\"text-transform:capitalize\">Nachhaltigkeit<\/h2>\n\n\n\n<p class=\"has-text-align-center leipateksti\">F\u00fcr die Umwelt ist weniger mehr. Als Pionier bei der Digitalisierung der Waschanlagenbranche ist es unser Ziel und unsere Pflicht, digitale L\u00f6sungen f\u00fcr Waschanlagen zu entwickeln, die bei ihrem Einsatz die Umwelt so wenig wie m\u00f6glich belasten.<\/p>\n\n\n\n<div class=\"wp-block-columns columns-mod-width is-layout-flex wp-container-core-columns-is-layout-9d6595d7 wp-block-columns-is-layout-flex\">\n<div class=\"wp-block-column is-layout-flow wp-block-column-is-layout-flow\">\n<p><strong>Ein geringerer CO2-Abdruck<\/strong><br><a href=\"\/de\/loesungen\/\">Die L\u00f6sungen von Superoperator<\/a> erm\u00f6glichen es den Fahrern, die n\u00e4chstgelegene Waschanlage \u00fcber eine App auf ihrem Smartphone zu finden. Mithilfe der Live-Ansichten aus jeder Waschanlage k\u00f6nnen sie \u00fcberpr\u00fcfen, ob es dort gerade eine lange Warteschlange gibt. Das kontaktlose Bezahlen und Einfahren in die Waschanlage beschleunigen den Waschvorgang. All dies f\u00fchrt dazu, dass die Fahrer nicht mehr verschiedene Waschanlagen anfahren m\u00fcssen, um nach freien Waschpl\u00e4tzen zu suchen, sodass weniger CO2-<br>Emissionen freigesetzt werden.<\/p>\n\n\n\n<p><strong>Eine gute Wasseraufbereitung<\/strong><br>Eine schnelle und bequeme Autow\u00e4sche in der Waschanlage f\u00fchrt dazu, dass mehr Fahrer dieses kommerzielle Angebot nutzen. Wieso ist das eine gute Sache? Anders als bei der Handw\u00e4sche des eigenen Autos zu Hause oder auf der Stra\u00dfe haben professionelle Waschanlagenbetreiber die Ausstattung und die Verpflichtung, das Abwasser, das alle Arten von chemischen R\u00fcckst\u00e4nden enth\u00e4lt, ordnungsgem\u00e4\u00df aufzubereiten. Wenn sie ihr Fahrzeug von Profis waschen lassen, k\u00f6nnen Fahrer sich sicher sein, dass das verunreinigte Wasser nicht in die Kanalisation abflie\u00dft oder im Rasen versickert, wo es Gew\u00e4ssern und anderen \u00d6kosystemen schweren Schaden zuf\u00fcgen w\u00fcrde.<\/p>\n<\/div>\n\n\n\n<div class=\"wp-block-column is-layout-flow wp-block-column-is-layout-flow\">\n<p><strong>Einsparen von Wasser<\/strong><br>Technologische L\u00f6sungen werden oft nicht nur deshalb entwickelt, weil man damit Kosten einsparen will, sondern auch, um damit die Umwelt besser sch\u00fctzen zu k\u00f6nnen. Beispielsweise filtern einige Wasseraufbereitungssysteme in Waschanlagen nicht nur das Abwasser, sondern sie sorgen auch daf\u00fcr, dass es dort wiederverwendet werden kann. Dar\u00fcber hinaus verbrauchen moderne Waschanlagen im Vergleich zur Handw\u00e4sche zu Hause nur sehr wenig Wasser pro W\u00e4sche.<\/p>\n\n\n\n<p><strong>Entwicklung einer intelligenteren Waschanlagenbranche<\/strong><br>Die heutigen KI-Systeme und datenbasierten Systeme sorgen f\u00fcr verbesserte Dienstleistungen und nachhaltigere L\u00f6sungen f\u00fcr Waschanlagen. Damit ist es zum Beispiel m\u00f6glich, den Verbrauch von Reinigungsmitteln und Wasser je nach Verschmutzungsgrad des Fahrzeugs zu steuern. Diese Technologien er\u00f6ffnen der Waschanlagenbranche eine vielversprechende, umweltfreundlichere Zukunft. Deshalb investieren wir in die stetige Weiterentwicklung unserer L\u00f6sungen und arbeiten gerne als Partner mit Unternehmen und Betreibern zusammen, die ebenso entschlossen sind wie wir, die gesamte<br>Waschanlagenbranche intelligenter zu gestalten.<\/p>\n<\/div>\n<\/div>\n<\/div><\/div>\n\n\n\n<div class=\"wp-block-group alignfull py-3 mb-0\"><div class=\"wp-block-group__inner-container is-layout-flow wp-block-group-is-layout-flow\">\n<h2 class=\"has-text-align-center py-4 wp-block-heading\" style=\"text-transform:capitalize\">Das Team von Superoperator<\/h2>\n\n\n\n<p class=\"has-text-align-center\">Superoperator wurde 2011 von Erkki Aminoff (CEO) und Jukka Hallman (Vorstandsvorsitzender) gegr\u00fcndet. Ein Team von hochmotivierten Profis aus Finnland, der Tschechischen Republik, Deutschland und Polen k\u00fcmmert sich um das Tagesgesch\u00e4ft. Osakeyhti\u00f6 Hallman und Takoa Invest sind die Eigent\u00fcmer von Superoperator. Erkki Aminoff und das Personal haben eine Minderheitsbeteiligung.<\/p>\n\n\n<div class=\"wp-block-image pt-5\">\n<figure class=\"aligncenter size-large\"><img loading=\"lazy\" decoding=\"async\" width=\"666\" height=\"675\" src=\"https:\/\/www.superoperator.com\/wp-content\/uploads\/2022\/05\/superoperator-team-locations-map-666x675.png\" alt=\"Die Standorte des Teams von Superoperator in Finnland, der Tschechischen Republik, Polen und Deutschland auf einer Vektorkarte f\u00fcr Europa\" class=\"wp-image-2976\" srcset=\"https:\/\/www.superoperator.com\/wp-content\/uploads\/2022\/05\/superoperator-team-locations-map-666x675.png 666w, https:\/\/www.superoperator.com\/wp-content\/uploads\/2022\/05\/superoperator-team-locations-map-426x432.png 426w, https:\/\/www.superoperator.com\/wp-content\/uploads\/2022\/05\/superoperator-team-locations-map-320x324.png 320w, https:\/\/www.superoperator.com\/wp-content\/uploads\/2022\/05\/superoperator-team-locations-map-768x779.png 768w, https:\/\/www.superoperator.com\/wp-content\/uploads\/2022\/05\/superoperator-team-locations-map-1515x1536.png 1515w, https:\/\/www.superoperator.com\/wp-content\/uploads\/2022\/05\/superoperator-team-locations-map-1420x1440.png 1420w, https:\/\/www.superoperator.com\/wp-content\/uploads\/2022\/05\/superoperator-team-locations-map.png 1598w\" sizes=\"auto, (max-width: 666px) 100vw, 666px\" \/><\/figure>\n<\/div><\/div><\/div>\n","protected":false},"excerpt":{"rendered":"<p> [&hellip;]<\/p>\n","protected":false},"author":9,"featured_media":0,"parent":0,"menu_order":0,"comment_status":"closed","ping_status":"closed","template":"","meta":{"_acf_changed":false,"footnotes":""},"class_list":["post-2453","page","type-page","status-publish","hentry"],"acf":[],"yoast_head":"<!-- This site is optimized with the Yoast SEO Premium plugin v27.4 (Yoast SEO v27.4) - https:\/\/yoast.com\/product\/yoast-seo-premium-wordpress\/ -->\n<title>\u00dcber uns und die Nachhaltigkeit | Superoperator<\/title>\n<meta name=\"description\" content=\"Lesen Sie mehr \u00fcber uns, um zu erfahren, wie eine digitale Technologie f\u00fcr Waschanlagen zur Entwicklung einer nachhaltigeren Waschanlagenbranche beitr\u00e4gt.\" \/>\n<meta name=\"robots\" content=\"index, follow, max-snippet:-1, max-image-preview:large, max-video-preview:-1\" \/>\n<link rel=\"canonical\" href=\"https:\/\/www.superoperator.com\/de\/ueber-uns\/\" \/>\n<meta property=\"og:locale\" content=\"de_DE\" \/>\n<meta property=\"og:type\" content=\"article\" \/>\n<meta property=\"og:title\" content=\"\u00dcber uns\" \/>\n<meta property=\"og:description\" content=\"Lesen Sie mehr \u00fcber uns, um zu erfahren, wie eine digitale Technologie f\u00fcr Waschanlagen zur Entwicklung einer nachhaltigeren Waschanlagenbranche beitr\u00e4gt.\" \/>\n<meta property=\"og:url\" content=\"https:\/\/www.superoperator.com\/de\/ueber-uns\/\" \/>\n<meta property=\"og:site_name\" content=\"Superoperator\" \/>\n<meta property=\"article:publisher\" content=\"https:\/\/www.facebook.com\/Superoperator-781564388619019\/\" \/>\n<meta property=\"article:modified_time\" content=\"2022-08-18T08:32:15+00:00\" \/>\n<meta property=\"og:image\" content=\"https:\/\/www.superoperator.com\/wp-content\/uploads\/2020\/01\/superoperator-car-wash-large-1200x583.jpg\" \/>\n<meta name=\"twitter:card\" content=\"summary_large_image\" \/>\n<meta name=\"twitter:site\" content=\"@SuperoperatorHQ\" \/>\n<meta name=\"twitter:label1\" content=\"Gesch\u00e4tzte Lesezeit\" \/>\n\t<meta name=\"twitter:data1\" content=\"4 Minuten\" \/>\n<script type=\"application\/ld+json\" class=\"yoast-schema-graph\">{\"@context\":\"https:\\\/\\\/schema.org\",\"@graph\":[{\"@type\":\"WebPage\",\"@id\":\"https:\\\/\\\/www.superoperator.com\\\/de\\\/ueber-uns\\\/\",\"url\":\"https:\\\/\\\/www.superoperator.com\\\/de\\\/ueber-uns\\\/\",\"name\":\"\u00dcber uns und die Nachhaltigkeit | Superoperator\",\"isPartOf\":{\"@id\":\"https:\\\/\\\/www.superoperator.com\\\/#website\"},\"primaryImageOfPage\":{\"@id\":\"https:\\\/\\\/www.superoperator.com\\\/de\\\/ueber-uns\\\/#primaryimage\"},\"image\":{\"@id\":\"https:\\\/\\\/www.superoperator.com\\\/de\\\/ueber-uns\\\/#primaryimage\"},\"thumbnailUrl\":\"https:\\\/\\\/www.superoperator.com\\\/wp-content\\\/uploads\\\/2020\\\/01\\\/superoperator-car-wash-large-1200x583.jpg\",\"datePublished\":\"2022-04-27T08:27:36+00:00\",\"dateModified\":\"2022-08-18T08:32:15+00:00\",\"description\":\"Lesen Sie mehr \u00fcber uns, um zu erfahren, wie eine digitale Technologie f\u00fcr Waschanlagen zur Entwicklung einer nachhaltigeren Waschanlagenbranche beitr\u00e4gt.\",\"breadcrumb\":{\"@id\":\"https:\\\/\\\/www.superoperator.com\\\/de\\\/ueber-uns\\\/#breadcrumb\"},\"inLanguage\":\"de-DE\",\"potentialAction\":[{\"@type\":\"ReadAction\",\"target\":[\"https:\\\/\\\/www.superoperator.com\\\/de\\\/ueber-uns\\\/\"]}]},{\"@type\":\"ImageObject\",\"inLanguage\":\"de-DE\",\"@id\":\"https:\\\/\\\/www.superoperator.com\\\/de\\\/ueber-uns\\\/#primaryimage\",\"url\":\"https:\\\/\\\/www.superoperator.com\\\/wp-content\\\/uploads\\\/2020\\\/01\\\/superoperator-car-wash-large-1200x583.jpg\",\"contentUrl\":\"https:\\\/\\\/www.superoperator.com\\\/wp-content\\\/uploads\\\/2020\\\/01\\\/superoperator-car-wash-large-1200x583.jpg\"},{\"@type\":\"BreadcrumbList\",\"@id\":\"https:\\\/\\\/www.superoperator.com\\\/de\\\/ueber-uns\\\/#breadcrumb\",\"itemListElement\":[{\"@type\":\"ListItem\",\"position\":1,\"name\":\"Home\",\"item\":\"https:\\\/\\\/www.superoperator.com\\\/de\\\/\"},{\"@type\":\"ListItem\",\"position\":2,\"name\":\"\u00dcber uns\"}]},{\"@type\":\"WebSite\",\"@id\":\"https:\\\/\\\/www.superoperator.com\\\/#website\",\"url\":\"https:\\\/\\\/www.superoperator.com\\\/\",\"name\":\"Superoperator\",\"description\":\"We Transformed Carwash\",\"publisher\":{\"@id\":\"https:\\\/\\\/www.superoperator.com\\\/#organization\"},\"potentialAction\":[{\"@type\":\"SearchAction\",\"target\":{\"@type\":\"EntryPoint\",\"urlTemplate\":\"https:\\\/\\\/www.superoperator.com\\\/?s={search_term_string}\"},\"query-input\":{\"@type\":\"PropertyValueSpecification\",\"valueRequired\":true,\"valueName\":\"search_term_string\"}}],\"inLanguage\":\"de-DE\"},{\"@type\":\"Organization\",\"@id\":\"https:\\\/\\\/www.superoperator.com\\\/#organization\",\"name\":\"Superoperator\",\"url\":\"https:\\\/\\\/www.superoperator.com\\\/\",\"logo\":{\"@type\":\"ImageObject\",\"inLanguage\":\"de-DE\",\"@id\":\"https:\\\/\\\/www.superoperator.com\\\/#\\\/schema\\\/logo\\\/image\\\/\",\"url\":\"https:\\\/\\\/www.superoperator.com\\\/wp-content\\\/uploads\\\/2020\\\/01\\\/fav-LOGO.png\",\"contentUrl\":\"https:\\\/\\\/www.superoperator.com\\\/wp-content\\\/uploads\\\/2020\\\/01\\\/fav-LOGO.png\",\"width\":512,\"height\":512,\"caption\":\"Superoperator\"},\"image\":{\"@id\":\"https:\\\/\\\/www.superoperator.com\\\/#\\\/schema\\\/logo\\\/image\\\/\"},\"sameAs\":[\"https:\\\/\\\/www.facebook.com\\\/Superoperator-781564388619019\\\/\",\"https:\\\/\\\/x.com\\\/SuperoperatorHQ\",\"https:\\\/\\\/www.instagram.com\\\/superoperatorlife\\\/\",\"https:\\\/\\\/www.linkedin.com\\\/company\\\/superoperator\\\/\"]}]}<\/script>\n<!-- \/ Yoast SEO Premium plugin. -->","yoast_head_json":{"title":"\u00dcber uns und die Nachhaltigkeit | Superoperator","description":"Lesen Sie mehr \u00fcber uns, um zu erfahren, wie eine digitale Technologie f\u00fcr Waschanlagen zur Entwicklung einer nachhaltigeren Waschanlagenbranche beitr\u00e4gt.","robots":{"index":"index","follow":"follow","max-snippet":"max-snippet:-1","max-image-preview":"max-image-preview:large","max-video-preview":"max-video-preview:-1"},"canonical":"https:\/\/www.superoperator.com\/de\/ueber-uns\/","og_locale":"de_DE","og_type":"article","og_title":"\u00dcber uns","og_description":"Lesen Sie mehr \u00fcber uns, um zu erfahren, wie eine digitale Technologie f\u00fcr Waschanlagen zur Entwicklung einer nachhaltigeren Waschanlagenbranche beitr\u00e4gt.","og_url":"https:\/\/www.superoperator.com\/de\/ueber-uns\/","og_site_name":"Superoperator","article_publisher":"https:\/\/www.facebook.com\/Superoperator-781564388619019\/","article_modified_time":"2022-08-18T08:32:15+00:00","og_image":[{"url":"https:\/\/www.superoperator.com\/wp-content\/uploads\/2020\/01\/superoperator-car-wash-large-1200x583.jpg","type":"","width":"","height":""}],"twitter_card":"summary_large_image","twitter_site":"@SuperoperatorHQ","twitter_misc":{"Gesch\u00e4tzte Lesezeit":"4 Minuten"},"schema":{"@context":"https:\/\/schema.org","@graph":[{"@type":"WebPage","@id":"https:\/\/www.superoperator.com\/de\/ueber-uns\/","url":"https:\/\/www.superoperator.com\/de\/ueber-uns\/","name":"\u00dcber uns und die Nachhaltigkeit | Superoperator","isPartOf":{"@id":"https:\/\/www.superoperator.com\/#website"},"primaryImageOfPage":{"@id":"https:\/\/www.superoperator.com\/de\/ueber-uns\/#primaryimage"},"image":{"@id":"https:\/\/www.superoperator.com\/de\/ueber-uns\/#primaryimage"},"thumbnailUrl":"https:\/\/www.superoperator.com\/wp-content\/uploads\/2020\/01\/superoperator-car-wash-large-1200x583.jpg","datePublished":"2022-04-27T08:27:36+00:00","dateModified":"2022-08-18T08:32:15+00:00","description":"Lesen Sie mehr \u00fcber uns, um zu erfahren, wie eine digitale Technologie f\u00fcr Waschanlagen zur Entwicklung einer nachhaltigeren Waschanlagenbranche beitr\u00e4gt.","breadcrumb":{"@id":"https:\/\/www.superoperator.com\/de\/ueber-uns\/#breadcrumb"},"inLanguage":"de-DE","potentialAction":[{"@type":"ReadAction","target":["https:\/\/www.superoperator.com\/de\/ueber-uns\/"]}]},{"@type":"ImageObject","inLanguage":"de-DE","@id":"https:\/\/www.superoperator.com\/de\/ueber-uns\/#primaryimage","url":"https:\/\/www.superoperator.com\/wp-content\/uploads\/2020\/01\/superoperator-car-wash-large-1200x583.jpg","contentUrl":"https:\/\/www.superoperator.com\/wp-content\/uploads\/2020\/01\/superoperator-car-wash-large-1200x583.jpg"},{"@type":"BreadcrumbList","@id":"https:\/\/www.superoperator.com\/de\/ueber-uns\/#breadcrumb","itemListElement":[{"@type":"ListItem","position":1,"name":"Home","item":"https:\/\/www.superoperator.com\/de\/"},{"@type":"ListItem","position":2,"name":"\u00dcber uns"}]},{"@type":"WebSite","@id":"https:\/\/www.superoperator.com\/#website","url":"https:\/\/www.superoperator.com\/","name":"Superoperator","description":"We Transformed Carwash","publisher":{"@id":"https:\/\/www.superoperator.com\/#organization"},"potentialAction":[{"@type":"SearchAction","target":{"@type":"EntryPoint","urlTemplate":"https:\/\/www.superoperator.com\/?s={search_term_string}"},"query-input":{"@type":"PropertyValueSpecification","valueRequired":true,"valueName":"search_term_string"}}],"inLanguage":"de-DE"},{"@type":"Organization","@id":"https:\/\/www.superoperator.com\/#organization","name":"Superoperator","url":"https:\/\/www.superoperator.com\/","logo":{"@type":"ImageObject","inLanguage":"de-DE","@id":"https:\/\/www.superoperator.com\/#\/schema\/logo\/image\/","url":"https:\/\/www.superoperator.com\/wp-content\/uploads\/2020\/01\/fav-LOGO.png","contentUrl":"https:\/\/www.superoperator.com\/wp-content\/uploads\/2020\/01\/fav-LOGO.png","width":512,"height":512,"caption":"Superoperator"},"image":{"@id":"https:\/\/www.superoperator.com\/#\/schema\/logo\/image\/"},"sameAs":["https:\/\/www.facebook.com\/Superoperator-781564388619019\/","https:\/\/x.com\/SuperoperatorHQ","https:\/\/www.instagram.com\/superoperatorlife\/","https:\/\/www.linkedin.com\/company\/superoperator\/"]}]}},"_links":{"self":[{"href":"https:\/\/www.superoperator.com\/de\/wp-json\/wp\/v2\/pages\/2453","targetHints":{"allow":["GET"]}}],"collection":[{"href":"https:\/\/www.superoperator.com\/de\/wp-json\/wp\/v2\/pages"}],"about":[{"href":"https:\/\/www.superoperator.com\/de\/wp-json\/wp\/v2\/types\/page"}],"author":[{"embeddable":true,"href":"https:\/\/www.superoperator.com\/de\/wp-json\/wp\/v2\/users\/9"}],"replies":[{"embeddable":true,"href":"https:\/\/www.superoperator.com\/de\/wp-json\/wp\/v2\/comments?post=2453"}],"version-history":[{"count":0,"href":"https:\/\/www.superoperator.com\/de\/wp-json\/wp\/v2\/pages\/2453\/revisions"}],"wp:attachment":[{"href":"https:\/\/www.superoperator.com\/de\/wp-json\/wp\/v2\/media?parent=2453"}],"curies":[{"name":"wp","href":"https:\/\/api.w.org\/{rel}","templated":true}]}}