{"id":1111,"date":"2020-04-24T12:04:10","date_gmt":"2020-04-24T09:04:10","guid":{"rendered":"http:\/\/www.superoperator.com\/?page_id=1111"},"modified":"2020-05-12T14:56:46","modified_gmt":"2020-05-12T11:56:46","slug":"impressum","status":"publish","type":"page","link":"https:\/\/www.superoperator.com\/de\/impressum\/","title":{"rendered":"Impressum"},"content":{"rendered":"\n<h3 class=\"wp-block-heading\">Impressum<\/h3>\n\n\n\n<p>Superoperator Oy<br>Itkonniemenkatu 11<br>70500 Kuopio<br>Finnland<\/p>\n\n\n\n<p>Kontakt: <a href=\"mailto:info@superoperator.com\">info@superoperator.com<\/a><br>Gesch\u00e4ftsf\u00fchrer Erkki Aminoff<br>Tel. +49 151 1023 98 49<\/p>\n\n\n\n<p>Vertretungsberechtigter Gesch\u00e4ftsf\u00fchrer: Erkki Aminoff<\/p>\n\n\n\n<p>Finnish Trade Register Nr. FI22693290, KUOPIO, FINLAND<\/p>\n\n\n\n<p>Umsatzsteuer-ID: FI22693290<\/p>\n\n\n\n<p>Die EU-Kommission hat gem\u00e4\u00df der EU-Verordnung Nr. 524\/2013 eine interaktive Website zur Online-Streitbeilegungsplattform (OS-Plattform) bereitgestellt zur Schlichtung au\u00dfergerichtlicher Streitigkeiten aus Online-Rechtsgesch\u00e4ften.<\/p>\n\n\n\n<p>Die Plattform der EU-Kommission zur europ\u00e4ischen Online-Streitbeilegung finden Sie unter:<br><a href=\"http:\/\/ec.europa.eu\/consumers\/odr\">http:\/\/ec.europa.eu\/consumers\/odr<\/a><\/p>\n\n\n\n<p><strong>Haftung f\u00fcr Inhalte<\/strong><\/p>\n\n\n\n<p>Als Diensteanbieter sind wir gem\u00e4\u00df \u00a7 7 Abs.1 TMG f\u00fcr eigene Inhalte auf diesen Seiten nach den allgemeinen Gesetzen verantwortlich. Nach \u00a7\u00a7 8 bis 10 TMG sind wir als Diensteanbieter jedoch nicht verpflichtet, \u00fcbermittelte oder gespeicherte fremde Informationen zu \u00fcberwachen oder nach Umst\u00e4nden zu forschen, die auf eine rechtswidrige T\u00e4tigkeit hinweisen. Verpflichtungen zur Entfernung oder Sperrung der Nutzung von Informationen nach den allgemeinen Gesetzen bleiben hiervon unber\u00fchrt. Eine diesbez\u00fcgliche Haftung ist jedoch erst ab dem Zeitpunkt der Kenntnis einer konkreten Rechtsverletzung m\u00f6glich. Bei Bekanntwerden von entsprechenden Rechtsverletzungen werden wir diese Inhalte umgehend entfernen.<\/p>\n\n\n\n<p><strong>Haftung f\u00fcr Links<\/strong><\/p>\n\n\n\n<p>Unser Angebot enth\u00e4lt Links zu externen Websites Dritter, auf deren Inhalte wir keinen Einfluss haben. Deshalb k\u00f6nnen wir f\u00fcr diese fremden Inhalte auch keine Gew\u00e4hr \u00fcbernehmen. F\u00fcr die Inhalte der verlinkten Seiten ist stets der jeweilige Anbieter oder Betreiber der Seiten verantwortlich. Die verlinkten Seiten wurden zum Zeitpunkt der Verlinkung auf m\u00f6gliche Rechtsverst\u00f6\u00dfe \u00fcberpr\u00fcft. Rechtswidrige Inhalte waren zum Zeitpunkt der Verlinkung nicht erkennbar. Eine permanente inhaltliche Kontrolle der verlinkten Seiten ist jedoch ohne konkrete Anhaltspunkte einer Rechtsverletzung nicht zumutbar. Bei Bekanntwerden von Rechtsverletzungen werden wir derartige Links umgehend entfernen.<\/p>\n\n\n\n<p><strong>Urheberrecht<\/strong><\/p>\n\n\n\n<p>Die durch die Seitenbetreiber erstellten Inhalte und Werke auf diesen Seiten unterliegen dem deutschen Urheberrecht. Die Vervielf\u00e4ltigung, Bearbeitung, Verbreitung und jede Art der Verwertung au\u00dferhalb der Grenzen des Urheberrechtes bed\u00fcrfen der schriftlichen Zustimmung des jeweiligen Autors bzw. Erstellers. Downloads und Kopien dieser Seite sind nur f\u00fcr den privaten, nicht kommerziellen Gebrauch gestattet. Soweit die Inhalte auf dieser Seite nicht vom Betreiber erstellt wurden, werden die Urheberrechte Dritter beachtet. Insbesondere werden Inhalte Dritter als solche gekennzeichnet. Sollten Sie trotzdem auf eine Urheberrechtsverletzung aufmerksam werden, bitten wir um einen entsprechenden Hinweis. Bei Bekanntwerden von Rechtsverletzungen werden wir derartige Inhalte umgehend entfernen.<\/p>\n\n\n\n<p><strong>Datenschutz<\/strong><\/p>\n\n\n\n<p>Vielen Dank f\u00fcr Ihren Besuch auf unseren Online-Seiten und Ihr Interesse an unserem Unternehmen und unseren Produkten. Der Schutz Ihrer Privatsph\u00e4re ist unserem Unternehmen ein besonderes Anliegen und wir nehmen den Schutz Ihrer personenbezogenen Daten sehr ernst.<\/p>\n\n\n\n<p>Hierzu haben wir eine ausf\u00fchrliche&nbsp;<a href=\"\/de\/datenschutzerklarung\/\">Datenschutzerkl\u00e4rung<\/a>&nbsp; vorbereitet.<\/p>\n","protected":false},"excerpt":{"rendered":"<p> [&hellip;]<\/p>\n","protected":false},"author":9,"featured_media":0,"parent":0,"menu_order":0,"comment_status":"closed","ping_status":"closed","template":"","meta":{"_acf_changed":false,"_improvement_type_select":"improve_an_existing","_thumb_yes_seoaic":false,"_frame_yes_seoaic":false,"seoaic_generate_description":"","seoaic_improve_instructions_prompt":"","seoaic_rollback_content_improvement":"","seoaic_idea_thumbnail_generator":"","thumbnail_generated":false,"thumbnail_generate_prompt":"","seoaic_article_description":"","footnotes":""},"class_list":["post-1111","page","type-page","status-publish","hentry"],"acf":[],"yoast_head":"<!-- This site is optimized with the Yoast SEO Premium plugin v27.3 (Yoast SEO v27.3) - https:\/\/yoast.com\/product\/yoast-seo-premium-wordpress\/ -->\n<title>Impressum - Superoperator<\/title>\n<meta name=\"robots\" content=\"index, follow, max-snippet:-1, max-image-preview:large, max-video-preview:-1\" \/>\n<link rel=\"canonical\" href=\"https:\/\/www.superoperator.com\/de\/impressum\/\" \/>\n<meta property=\"og:locale\" content=\"de_DE\" \/>\n<meta property=\"og:type\" content=\"article\" \/>\n<meta property=\"og:title\" content=\"Impressum\" \/>\n<meta property=\"og:description\" content=\"[&hellip;]\" \/>\n<meta property=\"og:url\" content=\"https:\/\/www.superoperator.com\/de\/impressum\/\" \/>\n<meta property=\"og:site_name\" content=\"Superoperator\" \/>\n<meta property=\"article:publisher\" content=\"https:\/\/www.facebook.com\/Superoperator-781564388619019\/\" \/>\n<meta property=\"article:modified_time\" content=\"2020-05-12T11:56:46+00:00\" \/>\n<meta name=\"twitter:card\" content=\"summary_large_image\" \/>\n<meta name=\"twitter:site\" content=\"@SuperoperatorHQ\" \/>\n<meta name=\"twitter:label1\" content=\"Gesch\u00e4tzte Lesezeit\" \/>\n\t<meta name=\"twitter:data1\" content=\"2 Minuten\" \/>\n<script type=\"application\/ld+json\" class=\"yoast-schema-graph\">{\"@context\":\"https:\\\/\\\/schema.org\",\"@graph\":[{\"@type\":\"WebPage\",\"@id\":\"https:\\\/\\\/www.superoperator.com\\\/de\\\/impressum\\\/\",\"url\":\"https:\\\/\\\/www.superoperator.com\\\/de\\\/impressum\\\/\",\"name\":\"Impressum - Superoperator\",\"isPartOf\":{\"@id\":\"https:\\\/\\\/www.superoperator.com\\\/#website\"},\"datePublished\":\"2020-04-24T09:04:10+00:00\",\"dateModified\":\"2020-05-12T11:56:46+00:00\",\"breadcrumb\":{\"@id\":\"https:\\\/\\\/www.superoperator.com\\\/de\\\/impressum\\\/#breadcrumb\"},\"inLanguage\":\"de-DE\",\"potentialAction\":[{\"@type\":\"ReadAction\",\"target\":[\"https:\\\/\\\/www.superoperator.com\\\/de\\\/impressum\\\/\"]}]},{\"@type\":\"BreadcrumbList\",\"@id\":\"https:\\\/\\\/www.superoperator.com\\\/de\\\/impressum\\\/#breadcrumb\",\"itemListElement\":[{\"@type\":\"ListItem\",\"position\":1,\"name\":\"Home\",\"item\":\"https:\\\/\\\/www.superoperator.com\\\/de\\\/\"},{\"@type\":\"ListItem\",\"position\":2,\"name\":\"Impressum\"}]},{\"@type\":\"WebSite\",\"@id\":\"https:\\\/\\\/www.superoperator.com\\\/#website\",\"url\":\"https:\\\/\\\/www.superoperator.com\\\/\",\"name\":\"Superoperator\",\"description\":\"We Transformed Carwash\",\"publisher\":{\"@id\":\"https:\\\/\\\/www.superoperator.com\\\/#organization\"},\"potentialAction\":[{\"@type\":\"SearchAction\",\"target\":{\"@type\":\"EntryPoint\",\"urlTemplate\":\"https:\\\/\\\/www.superoperator.com\\\/?s={search_term_string}\"},\"query-input\":{\"@type\":\"PropertyValueSpecification\",\"valueRequired\":true,\"valueName\":\"search_term_string\"}}],\"inLanguage\":\"de-DE\"},{\"@type\":\"Organization\",\"@id\":\"https:\\\/\\\/www.superoperator.com\\\/#organization\",\"name\":\"Superoperator\",\"url\":\"https:\\\/\\\/www.superoperator.com\\\/\",\"logo\":{\"@type\":\"ImageObject\",\"inLanguage\":\"de-DE\",\"@id\":\"https:\\\/\\\/www.superoperator.com\\\/#\\\/schema\\\/logo\\\/image\\\/\",\"url\":\"https:\\\/\\\/www.superoperator.com\\\/wp-content\\\/uploads\\\/2020\\\/01\\\/fav-LOGO.png\",\"contentUrl\":\"https:\\\/\\\/www.superoperator.com\\\/wp-content\\\/uploads\\\/2020\\\/01\\\/fav-LOGO.png\",\"width\":512,\"height\":512,\"caption\":\"Superoperator\"},\"image\":{\"@id\":\"https:\\\/\\\/www.superoperator.com\\\/#\\\/schema\\\/logo\\\/image\\\/\"},\"sameAs\":[\"https:\\\/\\\/www.facebook.com\\\/Superoperator-781564388619019\\\/\",\"https:\\\/\\\/x.com\\\/SuperoperatorHQ\",\"https:\\\/\\\/www.instagram.com\\\/superoperatorlife\\\/\",\"https:\\\/\\\/www.linkedin.com\\\/company\\\/superoperator\\\/\"]}]}<\/script>\n<!-- \/ Yoast SEO Premium plugin. -->","yoast_head_json":{"title":"Impressum - Superoperator","robots":{"index":"index","follow":"follow","max-snippet":"max-snippet:-1","max-image-preview":"max-image-preview:large","max-video-preview":"max-video-preview:-1"},"canonical":"https:\/\/www.superoperator.com\/de\/impressum\/","og_locale":"de_DE","og_type":"article","og_title":"Impressum","og_description":"[&hellip;]","og_url":"https:\/\/www.superoperator.com\/de\/impressum\/","og_site_name":"Superoperator","article_publisher":"https:\/\/www.facebook.com\/Superoperator-781564388619019\/","article_modified_time":"2020-05-12T11:56:46+00:00","twitter_card":"summary_large_image","twitter_site":"@SuperoperatorHQ","twitter_misc":{"Gesch\u00e4tzte Lesezeit":"2 Minuten"},"schema":{"@context":"https:\/\/schema.org","@graph":[{"@type":"WebPage","@id":"https:\/\/www.superoperator.com\/de\/impressum\/","url":"https:\/\/www.superoperator.com\/de\/impressum\/","name":"Impressum - Superoperator","isPartOf":{"@id":"https:\/\/www.superoperator.com\/#website"},"datePublished":"2020-04-24T09:04:10+00:00","dateModified":"2020-05-12T11:56:46+00:00","breadcrumb":{"@id":"https:\/\/www.superoperator.com\/de\/impressum\/#breadcrumb"},"inLanguage":"de-DE","potentialAction":[{"@type":"ReadAction","target":["https:\/\/www.superoperator.com\/de\/impressum\/"]}]},{"@type":"BreadcrumbList","@id":"https:\/\/www.superoperator.com\/de\/impressum\/#breadcrumb","itemListElement":[{"@type":"ListItem","position":1,"name":"Home","item":"https:\/\/www.superoperator.com\/de\/"},{"@type":"ListItem","position":2,"name":"Impressum"}]},{"@type":"WebSite","@id":"https:\/\/www.superoperator.com\/#website","url":"https:\/\/www.superoperator.com\/","name":"Superoperator","description":"We Transformed Carwash","publisher":{"@id":"https:\/\/www.superoperator.com\/#organization"},"potentialAction":[{"@type":"SearchAction","target":{"@type":"EntryPoint","urlTemplate":"https:\/\/www.superoperator.com\/?s={search_term_string}"},"query-input":{"@type":"PropertyValueSpecification","valueRequired":true,"valueName":"search_term_string"}}],"inLanguage":"de-DE"},{"@type":"Organization","@id":"https:\/\/www.superoperator.com\/#organization","name":"Superoperator","url":"https:\/\/www.superoperator.com\/","logo":{"@type":"ImageObject","inLanguage":"de-DE","@id":"https:\/\/www.superoperator.com\/#\/schema\/logo\/image\/","url":"https:\/\/www.superoperator.com\/wp-content\/uploads\/2020\/01\/fav-LOGO.png","contentUrl":"https:\/\/www.superoperator.com\/wp-content\/uploads\/2020\/01\/fav-LOGO.png","width":512,"height":512,"caption":"Superoperator"},"image":{"@id":"https:\/\/www.superoperator.com\/#\/schema\/logo\/image\/"},"sameAs":["https:\/\/www.facebook.com\/Superoperator-781564388619019\/","https:\/\/x.com\/SuperoperatorHQ","https:\/\/www.instagram.com\/superoperatorlife\/","https:\/\/www.linkedin.com\/company\/superoperator\/"]}]}},"_links":{"self":[{"href":"https:\/\/www.superoperator.com\/de\/wp-json\/wp\/v2\/pages\/1111","targetHints":{"allow":["GET"]}}],"collection":[{"href":"https:\/\/www.superoperator.com\/de\/wp-json\/wp\/v2\/pages"}],"about":[{"href":"https:\/\/www.superoperator.com\/de\/wp-json\/wp\/v2\/types\/page"}],"author":[{"embeddable":true,"href":"https:\/\/www.superoperator.com\/de\/wp-json\/wp\/v2\/users\/9"}],"replies":[{"embeddable":true,"href":"https:\/\/www.superoperator.com\/de\/wp-json\/wp\/v2\/comments?post=1111"}],"version-history":[{"count":0,"href":"https:\/\/www.superoperator.com\/de\/wp-json\/wp\/v2\/pages\/1111\/revisions"}],"wp:attachment":[{"href":"https:\/\/www.superoperator.com\/de\/wp-json\/wp\/v2\/media?parent=1111"}],"curies":[{"name":"wp","href":"https:\/\/api.w.org\/{rel}","templated":true}]}}