{"id":1036,"date":"2020-04-14T08:47:23","date_gmt":"2020-04-14T05:47:23","guid":{"rendered":"http:\/\/www.superoperator.com\/?page_id=1036"},"modified":"2022-04-27T13:06:54","modified_gmt":"2022-04-27T10:06:54","slug":"ueber-uns-old","status":"publish","type":"page","link":"https:\/\/www.superoperator.com\/de\/ueber-uns-old\/","title":{"rendered":"\u00dcber uns Old"},"content":{"rendered":"<section id=\"block-block_5e2998aa50e36\" class=\"alignfull block block-full_width_video\">\n    <div class=\"full-width-video\">\n        <video autoplay muted loop playsinline\n               poster=\"https:\/\/www.superoperator.com\/wp-content\/uploads\/2020\/01\/solutions_poster-1200x675.png\" src=\"https:\/\/www.superoperator.com\/wp-content\/uploads\/2020\/05\/Superoperator_GER_v012_Unternehmen_short_NO_TXT.mp4\">\n        <\/video>\n        <div class=\"video-overlay d-flex justify-content-center align-items-center\">\n            <a href=\"https:\/\/www.superoperator.com\/wp-content\/uploads\/2020\/04\/Superoperator_GER_v010_50MB_TXT.mp4\" target=\"_blank\"><i class=\"fas fa-play\"><\/i><\/a>\n        <\/div>\n    <\/div>\n<\/section>\n\n\n\n<h2 class=\"has-text-align-center wp-block-heading\">Bahnbrechende digitale Technologie &amp; Branchenkenntnisse<\/h2>\n\n\n\n<p class=\"has-text-align-center\">Superoperator transformiert die gesamte Waschanlagenbranche und verschafft Waschanlagenbetreibern einen Vorsprung durch Digitalisierung.<\/p>\n\n\n\n<p class=\"has-text-align-center\">Mit seiner patentierten, innovativen Technologie und seinen Branchenkenntnissen sorgt SO bei zahlreichen Betreibern auf mehreren Kontinenten f\u00fcr mehr Umsatz, weniger Kosten und eine h\u00f6here Kundenbindung.<\/p>\n\n\n\n<p class=\"has-text-align-center\">SO ist das erste Unternehmen weltweit, das ein virtuelles Servicenetz geschaffen hat, das f\u00fcr alle Betreiber, Marken und Hersteller funktioniert. Betreiber wie Autohersteller, Leasingunternehmen, Automobilclubs und andere Unternehmen k\u00f6nnen ihren Kunden \u00fcber das Smartphone vernetzte Services anbieten.<\/p>\n\n\n\n<figure class=\"wp-block-image alignfull size-large my-5\"><img loading=\"lazy\" decoding=\"async\" width=\"1200\" height=\"675\" src=\"https:\/\/www.superoperator.com\/wp-content\/uploads\/2020\/01\/partners_mainpic-1200x675.jpg\" alt=\"\" class=\"wp-image-1020\" srcset=\"https:\/\/www.superoperator.com\/wp-content\/uploads\/2020\/01\/partners_mainpic-1200x675.jpg 1200w, https:\/\/www.superoperator.com\/wp-content\/uploads\/2020\/01\/partners_mainpic-768x432.jpg 768w, https:\/\/www.superoperator.com\/wp-content\/uploads\/2020\/01\/partners_mainpic-576x324.jpg 576w, https:\/\/www.superoperator.com\/wp-content\/uploads\/2020\/01\/partners_mainpic-1536x864.jpg 1536w, https:\/\/www.superoperator.com\/wp-content\/uploads\/2020\/01\/partners_mainpic.jpg 1920w\" sizes=\"auto, (max-width: 1200px) 100vw, 1200px\" \/><\/figure>\n\n\n\n<h3 class=\"has-text-align-center mb-0 wp-block-heading\">Unsere Geschichte<\/h3>\n\n\n\n<h2 class=\"has-text-align-center wp-block-heading\">Von der ersten digitalen Waschanlage der Welt zur f\u00fchrenden Technologie der Branche<\/h2>\n\n\n\n<p class=\"has-text-align-center\">Viele bahnbrechende Erfindungen entstehen bei der L\u00f6sung allt\u00e4glicher Probleme. Die Erfindung von Superoperator macht da keine Ausnahme.<\/p>\n\n\n\n<div class=\"wp-block-columns mb-5 text-center text-md-left is-layout-flex wp-container-core-columns-is-layout-9d6595d7 wp-block-columns-is-layout-flex\">\n<div class=\"wp-block-column is-layout-flow wp-block-column-is-layout-flow\">\n<p>An einem regnerischen Novembertag \u00e4rgerte sich Erkki Aminoff, der heutige CEO des Unternehmens, zum wiederholten Mal, \u00fcber die langen Warteschlangen und die vielen Schritte im Prozess, bis er endlich sein Auto waschen konnte. Von da an war es sein Ziel, eine Autow\u00e4sche ohne all das anzubieten, was den Fahrern auf die Nerven geht: Das Ergebnis ist das, was wir heute als Superoperator kennen.<\/p>\n\n\n\n<p>2011 entwickelten Aminoff und sein Team eine innovative L\u00f6sung, die 2012 als das weltweit erste digitale Waschanlagennetz Juhlapesu umgesetzt wurde. Seitdem kann jede Waschanlage mit der Technologie von Superoperator ausgestattet und per App komplett digital gesteuert werden. Dank der automatischen Kennzeichenerfassung m\u00fcssen Fahrerin und Fahrer bei der Autow\u00e4sche nicht einmal mehr das Fahrzeug verlassen. Seit 2015 ist die Innovation in Finnland patentiert; die entsprechenden europ\u00e4ischen und internationalen Patente sind beantragt.<\/p>\n<\/div>\n\n\n\n<div class=\"wp-block-column is-layout-flow wp-block-column-is-layout-flow\">\n<p>Mit dieser Erfindung hat Superoperator den Wandel in der gesamten Fahrzeugdienstleistungsbranche eingel\u00e4utet. Da Superoperator seine innovative L\u00f6sung stetig weiterentwickelt, vermarktet und vertrieben hat, gibt es heute Waschanlagenbetreiber und Tankstellen mit Lizenzen von Superoperator in Europa, Nordamerika und Australien. Die Digitalisierung ver\u00e4ndert die Welt rasend schnell und die innovative Technologie von Superoperator eignet sich noch f\u00fcr viele weitere Betreiber, die in der Fahrzeugdienstleistungsbranche Ums\u00e4tze generieren m\u00f6chten.<\/p>\n\n\n\n<p>Hunderte Waschanlagenbetreiber und hunderttausende Fahrer freuen sich bei jeder Autow\u00e4sche \u00fcber die modernste Technologie weltweit \u2013 die Technologie von Superoperator.<\/p>\n<\/div>\n<\/div>\n\n\n\n<div class=\"wp-block-group alignfull py-5 mb-0 has-primary-background-color has-background\"><div class=\"wp-block-group__inner-container is-layout-flow wp-block-group-is-layout-flow\">\n<h2 class=\"has-text-align-center py-4 wp-block-heading\">Das Team von Superoperator<\/h2>\n\n\n\n<p class=\"has-text-align-center\">Superoperator wurde 2011 von Erkki Aminoff (CEO) und Jukka Hallman (Vorstandsvorsitzender) gegr\u00fcndet. Ein Team von hochmotivierten Profis aus Finnland, der Tschechischen Republik, Deutschland und Polen k\u00fcmmert sich um das Tagesgesch\u00e4ft. Osakeyhti\u00f6 Hallman und Takoa Invest sind die Eigent\u00fcmer von Superoperator. Erkki Aminoff und das Personal haben eine Minderheitsbeteiligung.<\/p>\n\n\n\n<div class=\"wp-block-image pt-5\"><figure class=\"aligncenter size-large\"><img loading=\"lazy\" decoding=\"async\" width=\"709\" height=\"675\" src=\"https:\/\/www.superoperator.com\/wp-content\/uploads\/2021\/02\/superoperator-team-locations-map-DE-709x675.png\" alt=\"Superoperator-Team Standorte\" class=\"wp-image-1670\" srcset=\"https:\/\/www.superoperator.com\/wp-content\/uploads\/2021\/02\/superoperator-team-locations-map-DE-709x675.png 709w, https:\/\/www.superoperator.com\/wp-content\/uploads\/2021\/02\/superoperator-team-locations-map-DE-454x432.png 454w, https:\/\/www.superoperator.com\/wp-content\/uploads\/2021\/02\/superoperator-team-locations-map-DE-340x324.png 340w, https:\/\/www.superoperator.com\/wp-content\/uploads\/2021\/02\/superoperator-team-locations-map-DE-768x731.png 768w, https:\/\/www.superoperator.com\/wp-content\/uploads\/2021\/02\/superoperator-team-locations-map-DE-1536x1463.png 1536w, https:\/\/www.superoperator.com\/wp-content\/uploads\/2021\/02\/superoperator-team-locations-map-DE-1512x1440.png 1512w, https:\/\/www.superoperator.com\/wp-content\/uploads\/2021\/02\/superoperator-team-locations-map-DE.png 1701w\" sizes=\"auto, (max-width: 709px) 100vw, 709px\" \/><\/figure><\/div>\n<\/div><\/div>\n","protected":false},"excerpt":{"rendered":"<p> [&hellip;]<\/p>\n","protected":false},"author":9,"featured_media":0,"parent":0,"menu_order":0,"comment_status":"closed","ping_status":"closed","template":"","meta":{"_acf_changed":false,"footnotes":""},"class_list":["post-1036","page","type-page","status-publish","hentry"],"acf":[],"yoast_head":"<!-- This site is optimized with the Yoast SEO Premium plugin v27.4 (Yoast SEO v27.4) - https:\/\/yoast.com\/product\/yoast-seo-premium-wordpress\/ -->\n<title>\u00dcber uns Old - Superoperator<\/title>\n<meta name=\"robots\" content=\"index, follow, max-snippet:-1, max-image-preview:large, max-video-preview:-1\" \/>\n<link rel=\"canonical\" href=\"https:\/\/www.superoperator.com\/de\/ueber-uns-old\/\" \/>\n<meta property=\"og:locale\" content=\"de_DE\" \/>\n<meta property=\"og:type\" content=\"article\" \/>\n<meta property=\"og:title\" content=\"\u00dcber uns Old\" \/>\n<meta property=\"og:description\" content=\"[&hellip;]\" \/>\n<meta property=\"og:url\" content=\"https:\/\/www.superoperator.com\/de\/ueber-uns-old\/\" \/>\n<meta property=\"og:site_name\" content=\"Superoperator\" \/>\n<meta property=\"article:publisher\" content=\"https:\/\/www.facebook.com\/Superoperator-781564388619019\/\" \/>\n<meta property=\"article:modified_time\" content=\"2022-04-27T10:06:54+00:00\" \/>\n<meta property=\"og:image\" content=\"https:\/\/www.superoperator.com\/wp-content\/uploads\/2020\/01\/partners_mainpic-1200x675.jpg\" \/>\n<meta name=\"twitter:card\" content=\"summary_large_image\" \/>\n<meta name=\"twitter:site\" content=\"@SuperoperatorHQ\" \/>\n<meta name=\"twitter:label1\" content=\"Gesch\u00e4tzte Lesezeit\" \/>\n\t<meta name=\"twitter:data1\" content=\"3 Minuten\" \/>\n<script type=\"application\/ld+json\" class=\"yoast-schema-graph\">{\"@context\":\"https:\\\/\\\/schema.org\",\"@graph\":[{\"@type\":\"WebPage\",\"@id\":\"https:\\\/\\\/www.superoperator.com\\\/de\\\/ueber-uns-old\\\/\",\"url\":\"https:\\\/\\\/www.superoperator.com\\\/de\\\/ueber-uns-old\\\/\",\"name\":\"\u00dcber uns Old - Superoperator\",\"isPartOf\":{\"@id\":\"https:\\\/\\\/www.superoperator.com\\\/#website\"},\"primaryImageOfPage\":{\"@id\":\"https:\\\/\\\/www.superoperator.com\\\/de\\\/ueber-uns-old\\\/#primaryimage\"},\"image\":{\"@id\":\"https:\\\/\\\/www.superoperator.com\\\/de\\\/ueber-uns-old\\\/#primaryimage\"},\"thumbnailUrl\":\"https:\\\/\\\/www.superoperator.com\\\/wp-content\\\/uploads\\\/2020\\\/01\\\/partners_mainpic-1200x675.jpg\",\"datePublished\":\"2020-04-14T05:47:23+00:00\",\"dateModified\":\"2022-04-27T10:06:54+00:00\",\"breadcrumb\":{\"@id\":\"https:\\\/\\\/www.superoperator.com\\\/de\\\/ueber-uns-old\\\/#breadcrumb\"},\"inLanguage\":\"de-DE\",\"potentialAction\":[{\"@type\":\"ReadAction\",\"target\":[\"https:\\\/\\\/www.superoperator.com\\\/de\\\/ueber-uns-old\\\/\"]}]},{\"@type\":\"ImageObject\",\"inLanguage\":\"de-DE\",\"@id\":\"https:\\\/\\\/www.superoperator.com\\\/de\\\/ueber-uns-old\\\/#primaryimage\",\"url\":\"https:\\\/\\\/www.superoperator.com\\\/wp-content\\\/uploads\\\/2020\\\/01\\\/partners_mainpic-1200x675.jpg\",\"contentUrl\":\"https:\\\/\\\/www.superoperator.com\\\/wp-content\\\/uploads\\\/2020\\\/01\\\/partners_mainpic-1200x675.jpg\"},{\"@type\":\"BreadcrumbList\",\"@id\":\"https:\\\/\\\/www.superoperator.com\\\/de\\\/ueber-uns-old\\\/#breadcrumb\",\"itemListElement\":[{\"@type\":\"ListItem\",\"position\":1,\"name\":\"Home\",\"item\":\"https:\\\/\\\/www.superoperator.com\\\/de\\\/\"},{\"@type\":\"ListItem\",\"position\":2,\"name\":\"\u00dcber uns Old\"}]},{\"@type\":\"WebSite\",\"@id\":\"https:\\\/\\\/www.superoperator.com\\\/#website\",\"url\":\"https:\\\/\\\/www.superoperator.com\\\/\",\"name\":\"Superoperator\",\"description\":\"We Transformed Carwash\",\"publisher\":{\"@id\":\"https:\\\/\\\/www.superoperator.com\\\/#organization\"},\"potentialAction\":[{\"@type\":\"SearchAction\",\"target\":{\"@type\":\"EntryPoint\",\"urlTemplate\":\"https:\\\/\\\/www.superoperator.com\\\/?s={search_term_string}\"},\"query-input\":{\"@type\":\"PropertyValueSpecification\",\"valueRequired\":true,\"valueName\":\"search_term_string\"}}],\"inLanguage\":\"de-DE\"},{\"@type\":\"Organization\",\"@id\":\"https:\\\/\\\/www.superoperator.com\\\/#organization\",\"name\":\"Superoperator\",\"url\":\"https:\\\/\\\/www.superoperator.com\\\/\",\"logo\":{\"@type\":\"ImageObject\",\"inLanguage\":\"de-DE\",\"@id\":\"https:\\\/\\\/www.superoperator.com\\\/#\\\/schema\\\/logo\\\/image\\\/\",\"url\":\"https:\\\/\\\/www.superoperator.com\\\/wp-content\\\/uploads\\\/2020\\\/01\\\/fav-LOGO.png\",\"contentUrl\":\"https:\\\/\\\/www.superoperator.com\\\/wp-content\\\/uploads\\\/2020\\\/01\\\/fav-LOGO.png\",\"width\":512,\"height\":512,\"caption\":\"Superoperator\"},\"image\":{\"@id\":\"https:\\\/\\\/www.superoperator.com\\\/#\\\/schema\\\/logo\\\/image\\\/\"},\"sameAs\":[\"https:\\\/\\\/www.facebook.com\\\/Superoperator-781564388619019\\\/\",\"https:\\\/\\\/x.com\\\/SuperoperatorHQ\",\"https:\\\/\\\/www.instagram.com\\\/superoperatorlife\\\/\",\"https:\\\/\\\/www.linkedin.com\\\/company\\\/superoperator\\\/\"]}]}<\/script>\n<!-- \/ Yoast SEO Premium plugin. -->","yoast_head_json":{"title":"\u00dcber uns Old - Superoperator","robots":{"index":"index","follow":"follow","max-snippet":"max-snippet:-1","max-image-preview":"max-image-preview:large","max-video-preview":"max-video-preview:-1"},"canonical":"https:\/\/www.superoperator.com\/de\/ueber-uns-old\/","og_locale":"de_DE","og_type":"article","og_title":"\u00dcber uns Old","og_description":"[&hellip;]","og_url":"https:\/\/www.superoperator.com\/de\/ueber-uns-old\/","og_site_name":"Superoperator","article_publisher":"https:\/\/www.facebook.com\/Superoperator-781564388619019\/","article_modified_time":"2022-04-27T10:06:54+00:00","og_image":[{"url":"https:\/\/www.superoperator.com\/wp-content\/uploads\/2020\/01\/partners_mainpic-1200x675.jpg","type":"","width":"","height":""}],"twitter_card":"summary_large_image","twitter_site":"@SuperoperatorHQ","twitter_misc":{"Gesch\u00e4tzte Lesezeit":"3 Minuten"},"schema":{"@context":"https:\/\/schema.org","@graph":[{"@type":"WebPage","@id":"https:\/\/www.superoperator.com\/de\/ueber-uns-old\/","url":"https:\/\/www.superoperator.com\/de\/ueber-uns-old\/","name":"\u00dcber uns Old - Superoperator","isPartOf":{"@id":"https:\/\/www.superoperator.com\/#website"},"primaryImageOfPage":{"@id":"https:\/\/www.superoperator.com\/de\/ueber-uns-old\/#primaryimage"},"image":{"@id":"https:\/\/www.superoperator.com\/de\/ueber-uns-old\/#primaryimage"},"thumbnailUrl":"https:\/\/www.superoperator.com\/wp-content\/uploads\/2020\/01\/partners_mainpic-1200x675.jpg","datePublished":"2020-04-14T05:47:23+00:00","dateModified":"2022-04-27T10:06:54+00:00","breadcrumb":{"@id":"https:\/\/www.superoperator.com\/de\/ueber-uns-old\/#breadcrumb"},"inLanguage":"de-DE","potentialAction":[{"@type":"ReadAction","target":["https:\/\/www.superoperator.com\/de\/ueber-uns-old\/"]}]},{"@type":"ImageObject","inLanguage":"de-DE","@id":"https:\/\/www.superoperator.com\/de\/ueber-uns-old\/#primaryimage","url":"https:\/\/www.superoperator.com\/wp-content\/uploads\/2020\/01\/partners_mainpic-1200x675.jpg","contentUrl":"https:\/\/www.superoperator.com\/wp-content\/uploads\/2020\/01\/partners_mainpic-1200x675.jpg"},{"@type":"BreadcrumbList","@id":"https:\/\/www.superoperator.com\/de\/ueber-uns-old\/#breadcrumb","itemListElement":[{"@type":"ListItem","position":1,"name":"Home","item":"https:\/\/www.superoperator.com\/de\/"},{"@type":"ListItem","position":2,"name":"\u00dcber uns Old"}]},{"@type":"WebSite","@id":"https:\/\/www.superoperator.com\/#website","url":"https:\/\/www.superoperator.com\/","name":"Superoperator","description":"We Transformed Carwash","publisher":{"@id":"https:\/\/www.superoperator.com\/#organization"},"potentialAction":[{"@type":"SearchAction","target":{"@type":"EntryPoint","urlTemplate":"https:\/\/www.superoperator.com\/?s={search_term_string}"},"query-input":{"@type":"PropertyValueSpecification","valueRequired":true,"valueName":"search_term_string"}}],"inLanguage":"de-DE"},{"@type":"Organization","@id":"https:\/\/www.superoperator.com\/#organization","name":"Superoperator","url":"https:\/\/www.superoperator.com\/","logo":{"@type":"ImageObject","inLanguage":"de-DE","@id":"https:\/\/www.superoperator.com\/#\/schema\/logo\/image\/","url":"https:\/\/www.superoperator.com\/wp-content\/uploads\/2020\/01\/fav-LOGO.png","contentUrl":"https:\/\/www.superoperator.com\/wp-content\/uploads\/2020\/01\/fav-LOGO.png","width":512,"height":512,"caption":"Superoperator"},"image":{"@id":"https:\/\/www.superoperator.com\/#\/schema\/logo\/image\/"},"sameAs":["https:\/\/www.facebook.com\/Superoperator-781564388619019\/","https:\/\/x.com\/SuperoperatorHQ","https:\/\/www.instagram.com\/superoperatorlife\/","https:\/\/www.linkedin.com\/company\/superoperator\/"]}]}},"_links":{"self":[{"href":"https:\/\/www.superoperator.com\/de\/wp-json\/wp\/v2\/pages\/1036","targetHints":{"allow":["GET"]}}],"collection":[{"href":"https:\/\/www.superoperator.com\/de\/wp-json\/wp\/v2\/pages"}],"about":[{"href":"https:\/\/www.superoperator.com\/de\/wp-json\/wp\/v2\/types\/page"}],"author":[{"embeddable":true,"href":"https:\/\/www.superoperator.com\/de\/wp-json\/wp\/v2\/users\/9"}],"replies":[{"embeddable":true,"href":"https:\/\/www.superoperator.com\/de\/wp-json\/wp\/v2\/comments?post=1036"}],"version-history":[{"count":0,"href":"https:\/\/www.superoperator.com\/de\/wp-json\/wp\/v2\/pages\/1036\/revisions"}],"wp:attachment":[{"href":"https:\/\/www.superoperator.com\/de\/wp-json\/wp\/v2\/media?parent=1036"}],"curies":[{"name":"wp","href":"https:\/\/api.w.org\/{rel}","templated":true}]}}