{"id":7078,"date":"2023-06-01T15:04:01","date_gmt":"2023-06-01T12:04:01","guid":{"rendered":"https:\/\/vl0kbx3skjk.c.updraftclone.com\/kamery\/"},"modified":"2025-02-03T13:21:31","modified_gmt":"2025-02-03T11:21:31","slug":"kamery","status":"publish","type":"page","link":"https:\/\/www.superoperator.com\/cz\/kamery\/","title":{"rendered":"Kamery"},"content":{"rendered":"\n<section id=\"gmfb22b0f\" class=\"wp-block-gutentor-m3 alignfull section-gmfb22b0f gutentor-module gutentor-container-cover\"><div class=\"grid-container\">\n<section id=\"plate-recognition\" class=\"wp-block-gutentor-m4 section-gm372e458 gutentor-module gutentor-advanced-columns max-w\"><div class=\"grid-container\"><div class=\"grid-row\">\n<div id=\"col-gm4c6845\" class=\"wp-block-gutentor-m4-col col-gm4c6845 gutentor-single-column  grid-lg-2 grid-md-12 grid-12 center-button-custom\"><div id=\"section-gm4c6845\" class=\"section-gm4c6845 gutentor-col-wrap\">\n<div id=\"section-gd89fca\" class=\"wp-block-gutentor-e6 section-gd89fca gutentor-element gutentor-element-image text-align-center-desktop text-align-center-tablet text-align-center-mobile\"><div class=\"gutentor-element-image-box\"><div class=\"gutentor-image-thumb\"><img decoding=\"async\" class=\"normal-image\" src=\"https:\/\/www.superoperator.com\/wp-content\/uploads\/2023\/08\/SO-superoperator-alpr-system-with-license-plate.png\" \/><\/div><\/div><\/div>\n<\/div><\/div>\n\n\n\n<div id=\"col-gm5ae108\" class=\"wp-block-gutentor-m4-col col-gm5ae108 gutentor-single-column  grid-lg-8 grid-md-12 grid-12 center-button-custom\"><div id=\"section-gm5ae108\" class=\"section-gm5ae108 gutentor-col-wrap\">\n<p class=\"has-medium-font-size\"><strong><strong>Automatick\u00e9 rozpozn\u00e1n\u00ed SPZ \u2013 sta\u010d\u00ed vjet do my\u010dky<\/strong><\/strong><\/p>\n\n\n\n<p><br>N\u00e1\u0161 syst\u00e9m automatick\u00e9ho rozpozn\u00e1n\u00ed pozn\u00e1vac\u00ed zna\u010dky (ALPR) nab\u00edz\u00ed rychl\u00fd a plynul\u00fd proces umyt\u00ed auta. Technologie automaticky identifikuje vozidlo u vjezdu do my\u010dky a z\u00e1kazn\u00edci mohou spustit myt\u00ed, ani\u017e by museli z vozu vystoupit.<\/p>\n<\/div><\/div>\n\n\n\n<div id=\"col-gm189990\" class=\"wp-block-gutentor-m4-col col-gm189990 gutentor-single-column  grid-lg-2 grid-md-12 grid-12 center-button-custom hide-pdf-btn\"><div id=\"section-gm189990\" class=\"section-gm189990 gutentor-col-wrap\">\n<div id=\"section-g6913ca\" class=\"wp-block-gutentor-e2 section-g6913ca gutentor-element gutentor-element-button button-align-center-tablet button-align-center-mobile pdf-download\"><span class=\"gutentor-button-wrap\"><a class=\"gutentor-button gutentor-block-button gutentor-icon-hide\" href=\"#\"><i class=\"gutentor-button-icon fas fa-book\"><\/i><span>St\u00e1hn\u011bte si produktov\u00fd list pdf<\/span><\/a><\/span><\/div>\n<\/div><\/div>\n<\/div><\/div><\/section>\n\n\n\n<section id=\"gm5420faf\" class=\"wp-block-gutentor-m4 section-gm5420faf gutentor-module gutentor-advanced-columns gutentor-equal-column-height boost-textandlist mobile-spacer-cu\"><div class=\"grid-container\"><div class=\"grid-row\">\n<div id=\"col-gm10285e\" class=\"wp-block-gutentor-m4-col col-gm10285e gutentor-single-column  grid-lg-4 grid-md-12 grid-12\"><div id=\"section-gm10285e\" class=\"section-gm10285e gutentor-col-wrap\">\n<div id=\"section-gc452ae\" class=\"wp-block-gutentor-e6 section-gc452ae gutentor-element gutentor-element-image text-align-center-desktop text-align-center-tablet text-align-center-mobile\"><div class=\"gutentor-element-image-box\"><div class=\"gutentor-image-thumb\"><img decoding=\"async\" class=\"normal-image\" src=\"https:\/\/www.superoperator.com\/wp-content\/uploads\/2023\/07\/so-icon-alpr.png\" \/><\/div><\/div><\/div>\n\n\n\n<p class=\"has-text-align-center\"><strong><strong>100% m\u00edra rozpozn\u00e1n\u00ed<\/strong><\/strong><\/p>\n\n\n\n<ul class=\"wp-block-list\">\n<li>Rozpozn\u00e1 v\u0161echny typy SPZ a dok\u00e1\u017ee \u010d\u00edst v\u0161echny kombinace \u010d\u00edsel a p\u00edsmen r\u016fzn\u00fdch zem\u00ed v r\u016fzn\u00fdch sm\u011brech \u010dten\u00ed.<\/li>\n<\/ul>\n<\/div><\/div>\n\n\n\n<div id=\"col-gmd2f29b\" class=\"wp-block-gutentor-m4-col col-gmd2f29b gutentor-single-column  grid-lg-4 grid-md-12 grid-12\"><div id=\"section-gmd2f29b\" class=\"section-gmd2f29b gutentor-col-wrap\">\n<div id=\"section-g5fbdef\" class=\"wp-block-gutentor-e6 section-g5fbdef gutentor-element gutentor-element-image text-align-center-desktop text-align-center-tablet text-align-center-mobile\"><div class=\"gutentor-element-image-box\"><div class=\"gutentor-image-thumb\"><img decoding=\"async\" class=\"normal-image\" src=\"https:\/\/www.superoperator.com\/wp-content\/uploads\/2023\/07\/so-icon-megaphone.png\" \/><\/div><\/div><\/div>\n\n\n\n<p class=\"has-text-align-center\"><strong><strong>Funguje za v\u0161ech okolnost\u00ed<\/strong><\/strong><\/p>\n\n\n\n<ul class=\"wp-block-list\">\n<li>Funguje za v\u0161ech okolnost\u00ed: tvrd\u00e9 osv\u011btlen\u00ed, r\u016fzn\u00e9 \u00fahly kamery, neust\u00e1l\u00e9 odrazy a dal\u0161\u00ed.<\/li>\n\n\n\n<li>Syst\u00e9m lze nau\u010dit nov\u00e9 sc\u00e9n\u00e1\u0159e a zna\u010dky.<\/li>\n<\/ul>\n<\/div><\/div>\n\n\n\n<div id=\"col-gm81c999\" class=\"wp-block-gutentor-m4-col col-gm81c999 gutentor-single-column  grid-lg-4 grid-md-12 grid-12\"><div id=\"section-gm81c999\" class=\"section-gm81c999 gutentor-col-wrap\">\n<div id=\"section-g0796b2\" class=\"wp-block-gutentor-e6 section-g0796b2 gutentor-element gutentor-element-image text-align-center-desktop text-align-center-tablet text-align-center-mobile\"><div class=\"gutentor-element-image-box\"><div class=\"gutentor-image-thumb\"><img decoding=\"async\" class=\"normal-image\" src=\"https:\/\/www.superoperator.com\/wp-content\/uploads\/2023\/07\/so-icon-development-building-blocks.png\" \/><\/div><\/div><\/div>\n\n\n\n<p class=\"has-text-align-center\"><strong><strong>Vyvinuto spole\u010dnost\u00ed Superoperator<\/strong><\/strong><\/p>\n\n\n\n<ul class=\"wp-block-list\">\n<li>Vyu\u017e\u00edv\u00e1 konvolu\u010dn\u00ed neuronov\u00e9 s\u00edt\u011b spolu s dal\u0161\u00edmi metodami hlubok\u00e9ho u\u010den\u00ed a technikami filtrov\u00e1n\u00ed v re\u00e1ln\u00e9m \u010dase.<\/li>\n\n\n\n<li>B\u011b\u017e\u00ed na velmi n\u00edzk\u00e9m v\u00fdkonu procesoru.<\/li>\n<\/ul>\n<\/div><\/div>\n<\/div><\/div><\/section>\n\n\n\n<section id=\"gm5668fe3\" class=\"wp-block-gutentor-m3 section-gm5668fe3 gutentor-module gutentor-container-cover bottom-more-box\"><div class=\"grid-container\">\n<p class=\"has-text-align-center\" style=\"font-size:18px\"><strong><strong>Chcete se dov\u011bd\u011bt v\u00edce?<\/strong><\/strong><\/p>\n\n\n\n<p class=\"has-text-align-center\" style=\"font-size:16px\">R\u00e1di V\u00e1m sd\u011bl\u00edme dal\u0161\u00ed podrobnosti o syst\u00e9mu Superoperator ALPR.<\/p>\n\n\n\n<div id=\"section-gcc87c6\" class=\"wp-block-gutentor-e2 section-gcc87c6 gutentor-element gutentor-element-button button-align-center-desktop button-align-center-tablet button-align-center-mobile\"><span class=\"gutentor-button-wrap\"><a class=\"gutentor-button gutentor-block-button gutentor-icon-hide\" href=\"\/cz\/kontakt\"><i class=\"gutentor-button-icon fas fa-book\"><\/i><span>Kontaktujte n\u00e1s<\/span><\/a><\/span><\/div>\n<\/div><\/section>\n<\/div><\/section>\n\n\n\n<section id=\"gm9188a76\" class=\"wp-block-gutentor-m3 alignfull section-gm9188a76 gutentor-module gutentor-container-cover\"><div class=\"grid-container\">\n<section id=\"queuecameras\" class=\"wp-block-gutentor-m4 section-gma7f08d5 gutentor-module gutentor-advanced-columns max-w\"><div class=\"grid-container\"><div class=\"grid-row\">\n<div id=\"col-gm3dd7e9\" class=\"wp-block-gutentor-m4-col col-gm3dd7e9 gutentor-single-column  grid-lg-4 grid-md-12 grid-12 center-button-custom\"><div id=\"section-gm3dd7e9\" class=\"section-gm3dd7e9 gutentor-col-wrap\">\n<div id=\"section-g06c06b\" class=\"wp-block-gutentor-e6 section-g06c06b gutentor-element gutentor-element-image text-align-center-desktop text-align-center-tablet text-align-center-mobile\"><div class=\"gutentor-element-image-box\"><div class=\"gutentor-image-thumb\"><img decoding=\"async\" class=\"normal-image\" src=\"https:\/\/www.superoperator.com\/wp-content\/uploads\/2023\/05\/SNV-7084R_F-1-1-2.png\" \/><\/div><\/div><\/div>\n<\/div><\/div>\n\n\n\n<div id=\"col-gmaa10c6\" class=\"wp-block-gutentor-m4-col col-gmaa10c6 gutentor-single-column  grid-lg-4 grid-md-12 grid-12 center-button-custom\"><div id=\"section-gmaa10c6\" class=\"section-gmaa10c6 gutentor-col-wrap\">\n<p class=\"has-medium-font-size\"><strong><strong>Kamery sn\u00edmaj\u00edc\u00ed frontu \u2013 konec velk\u00fdm front\u00e1m<\/strong><\/strong><\/p>\n\n\n\n<p>D\u00edky frontov\u00fdm kamer\u00e1m mohou \u0159idi\u010di p\u0159es aplikaci naj\u00edt nejbli\u017e\u0161\u00ed volnou nebo nejm\u00e9n\u011b vyt\u00ed\u017eenou my\u010dku.<br><br>Rozmazan\u00e9 z\u00e1b\u011bry vozidel a jejich \u0159idi\u010d\u016f ve front\u011b zaji\u0161\u0165uj\u00ed soukrom\u00ed a nejsou zachyceny \u017e\u00e1dn\u00e9 osobn\u00ed \u00fadaje.<\/p>\n<\/div><\/div>\n\n\n\n<div id=\"col-gmea7a84\" class=\"wp-block-gutentor-m4-col col-gmea7a84 gutentor-single-column  grid-lg-4 grid-md-12 grid-12 center-button-custom\"><div id=\"section-gmea7a84\" class=\"section-gmea7a84 gutentor-col-wrap\">\n<div id=\"section-geaff1c\" class=\"wp-block-gutentor-e6 section-geaff1c gutentor-element gutentor-element-image\"><div class=\"gutentor-element-image-box\"><div class=\"gutentor-image-thumb\"><img decoding=\"async\" class=\"normal-image\" src=\"https:\/\/www.superoperator.com\/wp-content\/uploads\/2023\/07\/queue_camera_blurred-1.png\" \/><\/div><\/div><\/div>\n<\/div><\/div>\n<\/div><\/div><\/section>\n\n\n\n<section id=\"gm22b3722\" class=\"wp-block-gutentor-m3 section-gm22b3722 gutentor-module gutentor-container-cover bottom-more-box\"><div class=\"grid-container\">\n<p class=\"has-text-align-center\" style=\"font-size:18px\"><strong><strong>Chcete se dov\u011bd\u011bt v\u00edce?<\/strong><\/strong><\/p>\n\n\n\n<p class=\"has-text-align-center\" style=\"font-size:16px\">R\u00e1di zodpov\u00edme v\u0161echny Va\u0161e dotazy.<\/p>\n\n\n\n<div id=\"section-g17ba46\" class=\"wp-block-gutentor-e2 section-g17ba46 gutentor-element gutentor-element-button button-align-center-desktop button-align-center-tablet button-align-center-mobile\"><span class=\"gutentor-button-wrap\"><a class=\"gutentor-button gutentor-block-button gutentor-icon-hide\" href=\"\/cz\/kontakt\"><i class=\"gutentor-button-icon fas fa-book\"><\/i><span>Kontaktujte n\u00e1s<\/span><\/a><\/span><\/div>\n<\/div><\/section>\n<\/div><\/section>\n","protected":false},"excerpt":{"rendered":"","protected":false},"author":9,"featured_media":0,"parent":0,"menu_order":0,"comment_status":"closed","ping_status":"closed","template":"","meta":{"_acf_changed":false,"footnotes":""},"class_list":["post-7078","page","type-page","status-publish","hentry"],"acf":[],"yoast_head":"<!-- This site is optimized with the Yoast SEO Premium plugin v27.4 (Yoast SEO v27.4) - https:\/\/yoast.com\/product\/yoast-seo-premium-wordpress\/ -->\n<title>Superoperator \u0159e\u0161en\u00ed pro automy\u010dky: ALPR a frontov\u00e9 kamery<\/title>\n<meta name=\"description\" content=\"Usnadn\u011bte a urychlete n\u00e1v\u0161t\u011bvu Va\u0161\u00ed my\u010dky d\u00edky \u0159e\u0161en\u00ed Superoperator, v\u010detn\u011b syst\u00e9mu automatick\u00e9ho rozpozn\u00e1v\u00e1n\u00ed SPZ a voliteln\u00fdch frontov\u00fdch kamer.\" \/>\n<meta name=\"robots\" content=\"index, follow, max-snippet:-1, max-image-preview:large, max-video-preview:-1\" \/>\n<link rel=\"canonical\" href=\"https:\/\/www.superoperator.com\/cz\/kamery\/\" \/>\n<meta property=\"og:locale\" content=\"en_US\" \/>\n<meta property=\"og:type\" content=\"article\" \/>\n<meta property=\"og:title\" content=\"Kamery\" \/>\n<meta property=\"og:description\" content=\"Usnadn\u011bte a urychlete n\u00e1v\u0161t\u011bvu Va\u0161\u00ed my\u010dky d\u00edky \u0159e\u0161en\u00ed Superoperator, v\u010detn\u011b syst\u00e9mu automatick\u00e9ho rozpozn\u00e1v\u00e1n\u00ed SPZ a voliteln\u00fdch frontov\u00fdch kamer.\" \/>\n<meta property=\"og:url\" content=\"https:\/\/www.superoperator.com\/cz\/kamery\/\" \/>\n<meta property=\"og:site_name\" content=\"Superoperator\" \/>\n<meta property=\"article:publisher\" content=\"https:\/\/www.facebook.com\/Superoperator-781564388619019\/\" \/>\n<meta property=\"article:modified_time\" content=\"2025-02-03T11:21:31+00:00\" \/>\n<meta property=\"og:image\" content=\"https:\/\/www.superoperator.com\/wp-content\/uploads\/2023\/08\/SO-superoperator-alpr-system-with-license-plate.png\" \/>\n<meta name=\"twitter:card\" content=\"summary_large_image\" \/>\n<meta name=\"twitter:site\" content=\"@SuperoperatorHQ\" \/>\n<meta name=\"twitter:label1\" content=\"Est. reading time\" \/>\n\t<meta name=\"twitter:data1\" content=\"2 minutes\" \/>\n<script type=\"application\/ld+json\" class=\"yoast-schema-graph\">{\"@context\":\"https:\\\/\\\/schema.org\",\"@graph\":[{\"@type\":\"WebPage\",\"@id\":\"https:\\\/\\\/www.superoperator.com\\\/cz\\\/kamery\\\/\",\"url\":\"https:\\\/\\\/www.superoperator.com\\\/cz\\\/kamery\\\/\",\"name\":\"Superoperator \u0159e\u0161en\u00ed pro automy\u010dky: ALPR a frontov\u00e9 kamery\",\"isPartOf\":{\"@id\":\"https:\\\/\\\/www.superoperator.com\\\/#website\"},\"primaryImageOfPage\":{\"@id\":\"https:\\\/\\\/www.superoperator.com\\\/cz\\\/kamery\\\/#primaryimage\"},\"image\":{\"@id\":\"https:\\\/\\\/www.superoperator.com\\\/cz\\\/kamery\\\/#primaryimage\"},\"thumbnailUrl\":\"https:\\\/\\\/www.superoperator.com\\\/wp-content\\\/uploads\\\/2023\\\/08\\\/SO-superoperator-alpr-system-with-license-plate.png\",\"datePublished\":\"2023-06-01T12:04:01+00:00\",\"dateModified\":\"2025-02-03T11:21:31+00:00\",\"description\":\"Usnadn\u011bte a urychlete n\u00e1v\u0161t\u011bvu Va\u0161\u00ed my\u010dky d\u00edky \u0159e\u0161en\u00ed Superoperator, v\u010detn\u011b syst\u00e9mu automatick\u00e9ho rozpozn\u00e1v\u00e1n\u00ed SPZ a voliteln\u00fdch frontov\u00fdch kamer.\",\"breadcrumb\":{\"@id\":\"https:\\\/\\\/www.superoperator.com\\\/cz\\\/kamery\\\/#breadcrumb\"},\"inLanguage\":\"cz-CZ\",\"potentialAction\":[{\"@type\":\"ReadAction\",\"target\":[\"https:\\\/\\\/www.superoperator.com\\\/cz\\\/kamery\\\/\"]}]},{\"@type\":\"ImageObject\",\"inLanguage\":\"cz-CZ\",\"@id\":\"https:\\\/\\\/www.superoperator.com\\\/cz\\\/kamery\\\/#primaryimage\",\"url\":\"https:\\\/\\\/www.superoperator.com\\\/wp-content\\\/uploads\\\/2023\\\/08\\\/SO-superoperator-alpr-system-with-license-plate.png\",\"contentUrl\":\"https:\\\/\\\/www.superoperator.com\\\/wp-content\\\/uploads\\\/2023\\\/08\\\/SO-superoperator-alpr-system-with-license-plate.png\"},{\"@type\":\"BreadcrumbList\",\"@id\":\"https:\\\/\\\/www.superoperator.com\\\/cz\\\/kamery\\\/#breadcrumb\",\"itemListElement\":[{\"@type\":\"ListItem\",\"position\":1,\"name\":\"Home\",\"item\":\"https:\\\/\\\/www.superoperator.com\\\/cz\\\/\"},{\"@type\":\"ListItem\",\"position\":2,\"name\":\"Kamery\"}]},{\"@type\":\"WebSite\",\"@id\":\"https:\\\/\\\/www.superoperator.com\\\/#website\",\"url\":\"https:\\\/\\\/www.superoperator.com\\\/\",\"name\":\"Superoperator\",\"description\":\"We Transformed Carwash\",\"publisher\":{\"@id\":\"https:\\\/\\\/www.superoperator.com\\\/#organization\"},\"potentialAction\":[{\"@type\":\"SearchAction\",\"target\":{\"@type\":\"EntryPoint\",\"urlTemplate\":\"https:\\\/\\\/www.superoperator.com\\\/?s={search_term_string}\"},\"query-input\":{\"@type\":\"PropertyValueSpecification\",\"valueRequired\":true,\"valueName\":\"search_term_string\"}}],\"inLanguage\":\"cz-CZ\"},{\"@type\":\"Organization\",\"@id\":\"https:\\\/\\\/www.superoperator.com\\\/#organization\",\"name\":\"Superoperator\",\"url\":\"https:\\\/\\\/www.superoperator.com\\\/\",\"logo\":{\"@type\":\"ImageObject\",\"inLanguage\":\"cz-CZ\",\"@id\":\"https:\\\/\\\/www.superoperator.com\\\/#\\\/schema\\\/logo\\\/image\\\/\",\"url\":\"https:\\\/\\\/www.superoperator.com\\\/wp-content\\\/uploads\\\/2020\\\/01\\\/fav-LOGO.png\",\"contentUrl\":\"https:\\\/\\\/www.superoperator.com\\\/wp-content\\\/uploads\\\/2020\\\/01\\\/fav-LOGO.png\",\"width\":512,\"height\":512,\"caption\":\"Superoperator\"},\"image\":{\"@id\":\"https:\\\/\\\/www.superoperator.com\\\/#\\\/schema\\\/logo\\\/image\\\/\"},\"sameAs\":[\"https:\\\/\\\/www.facebook.com\\\/Superoperator-781564388619019\\\/\",\"https:\\\/\\\/x.com\\\/SuperoperatorHQ\",\"https:\\\/\\\/www.instagram.com\\\/superoperatorlife\\\/\",\"https:\\\/\\\/www.linkedin.com\\\/company\\\/superoperator\\\/\"]}]}<\/script>\n<!-- \/ Yoast SEO Premium plugin. -->","yoast_head_json":{"title":"Superoperator \u0159e\u0161en\u00ed pro automy\u010dky: ALPR a frontov\u00e9 kamery","description":"Usnadn\u011bte a urychlete n\u00e1v\u0161t\u011bvu Va\u0161\u00ed my\u010dky d\u00edky \u0159e\u0161en\u00ed Superoperator, v\u010detn\u011b syst\u00e9mu automatick\u00e9ho rozpozn\u00e1v\u00e1n\u00ed SPZ a voliteln\u00fdch frontov\u00fdch kamer.","robots":{"index":"index","follow":"follow","max-snippet":"max-snippet:-1","max-image-preview":"max-image-preview:large","max-video-preview":"max-video-preview:-1"},"canonical":"https:\/\/www.superoperator.com\/cz\/kamery\/","og_locale":"en_US","og_type":"article","og_title":"Kamery","og_description":"Usnadn\u011bte a urychlete n\u00e1v\u0161t\u011bvu Va\u0161\u00ed my\u010dky d\u00edky \u0159e\u0161en\u00ed Superoperator, v\u010detn\u011b syst\u00e9mu automatick\u00e9ho rozpozn\u00e1v\u00e1n\u00ed SPZ a voliteln\u00fdch frontov\u00fdch kamer.","og_url":"https:\/\/www.superoperator.com\/cz\/kamery\/","og_site_name":"Superoperator","article_publisher":"https:\/\/www.facebook.com\/Superoperator-781564388619019\/","article_modified_time":"2025-02-03T11:21:31+00:00","og_image":[{"url":"https:\/\/www.superoperator.com\/wp-content\/uploads\/2023\/08\/SO-superoperator-alpr-system-with-license-plate.png","type":"","width":"","height":""}],"twitter_card":"summary_large_image","twitter_site":"@SuperoperatorHQ","twitter_misc":{"Est. reading time":"2 minutes"},"schema":{"@context":"https:\/\/schema.org","@graph":[{"@type":"WebPage","@id":"https:\/\/www.superoperator.com\/cz\/kamery\/","url":"https:\/\/www.superoperator.com\/cz\/kamery\/","name":"Superoperator \u0159e\u0161en\u00ed pro automy\u010dky: ALPR a frontov\u00e9 kamery","isPartOf":{"@id":"https:\/\/www.superoperator.com\/#website"},"primaryImageOfPage":{"@id":"https:\/\/www.superoperator.com\/cz\/kamery\/#primaryimage"},"image":{"@id":"https:\/\/www.superoperator.com\/cz\/kamery\/#primaryimage"},"thumbnailUrl":"https:\/\/www.superoperator.com\/wp-content\/uploads\/2023\/08\/SO-superoperator-alpr-system-with-license-plate.png","datePublished":"2023-06-01T12:04:01+00:00","dateModified":"2025-02-03T11:21:31+00:00","description":"Usnadn\u011bte a urychlete n\u00e1v\u0161t\u011bvu Va\u0161\u00ed my\u010dky d\u00edky \u0159e\u0161en\u00ed Superoperator, v\u010detn\u011b syst\u00e9mu automatick\u00e9ho rozpozn\u00e1v\u00e1n\u00ed SPZ a voliteln\u00fdch frontov\u00fdch kamer.","breadcrumb":{"@id":"https:\/\/www.superoperator.com\/cz\/kamery\/#breadcrumb"},"inLanguage":"cz-CZ","potentialAction":[{"@type":"ReadAction","target":["https:\/\/www.superoperator.com\/cz\/kamery\/"]}]},{"@type":"ImageObject","inLanguage":"cz-CZ","@id":"https:\/\/www.superoperator.com\/cz\/kamery\/#primaryimage","url":"https:\/\/www.superoperator.com\/wp-content\/uploads\/2023\/08\/SO-superoperator-alpr-system-with-license-plate.png","contentUrl":"https:\/\/www.superoperator.com\/wp-content\/uploads\/2023\/08\/SO-superoperator-alpr-system-with-license-plate.png"},{"@type":"BreadcrumbList","@id":"https:\/\/www.superoperator.com\/cz\/kamery\/#breadcrumb","itemListElement":[{"@type":"ListItem","position":1,"name":"Home","item":"https:\/\/www.superoperator.com\/cz\/"},{"@type":"ListItem","position":2,"name":"Kamery"}]},{"@type":"WebSite","@id":"https:\/\/www.superoperator.com\/#website","url":"https:\/\/www.superoperator.com\/","name":"Superoperator","description":"We Transformed Carwash","publisher":{"@id":"https:\/\/www.superoperator.com\/#organization"},"potentialAction":[{"@type":"SearchAction","target":{"@type":"EntryPoint","urlTemplate":"https:\/\/www.superoperator.com\/?s={search_term_string}"},"query-input":{"@type":"PropertyValueSpecification","valueRequired":true,"valueName":"search_term_string"}}],"inLanguage":"cz-CZ"},{"@type":"Organization","@id":"https:\/\/www.superoperator.com\/#organization","name":"Superoperator","url":"https:\/\/www.superoperator.com\/","logo":{"@type":"ImageObject","inLanguage":"cz-CZ","@id":"https:\/\/www.superoperator.com\/#\/schema\/logo\/image\/","url":"https:\/\/www.superoperator.com\/wp-content\/uploads\/2020\/01\/fav-LOGO.png","contentUrl":"https:\/\/www.superoperator.com\/wp-content\/uploads\/2020\/01\/fav-LOGO.png","width":512,"height":512,"caption":"Superoperator"},"image":{"@id":"https:\/\/www.superoperator.com\/#\/schema\/logo\/image\/"},"sameAs":["https:\/\/www.facebook.com\/Superoperator-781564388619019\/","https:\/\/x.com\/SuperoperatorHQ","https:\/\/www.instagram.com\/superoperatorlife\/","https:\/\/www.linkedin.com\/company\/superoperator\/"]}]}},"_links":{"self":[{"href":"https:\/\/www.superoperator.com\/cz\/wp-json\/wp\/v2\/pages\/7078","targetHints":{"allow":["GET"]}}],"collection":[{"href":"https:\/\/www.superoperator.com\/cz\/wp-json\/wp\/v2\/pages"}],"about":[{"href":"https:\/\/www.superoperator.com\/cz\/wp-json\/wp\/v2\/types\/page"}],"author":[{"embeddable":true,"href":"https:\/\/www.superoperator.com\/cz\/wp-json\/wp\/v2\/users\/9"}],"replies":[{"embeddable":true,"href":"https:\/\/www.superoperator.com\/cz\/wp-json\/wp\/v2\/comments?post=7078"}],"version-history":[{"count":0,"href":"https:\/\/www.superoperator.com\/cz\/wp-json\/wp\/v2\/pages\/7078\/revisions"}],"wp:attachment":[{"href":"https:\/\/www.superoperator.com\/cz\/wp-json\/wp\/v2\/media?parent=7078"}],"curies":[{"name":"wp","href":"https:\/\/api.w.org\/{rel}","templated":true}]}}